{"id":101,"date":"2025-02-01T06:50:23","date_gmt":"2025-02-01T06:50:23","guid":{"rendered":"https:\/\/kleingarten-bdf.at\/?page_id=101"},"modified":"2025-02-21T14:51:51","modified_gmt":"2025-02-21T14:51:51","slug":"nuetzliches","status":"publish","type":"page","link":"https:\/\/kleingarten-bdf.at\/index.php\/nuetzliches\/","title":{"rendered":"N\u00fctzliches"},"content":{"rendered":"\n<div class=\"wp-block-uagb-container uagb-block-610cff54 alignfull uagb-is-root-container\">\n  <div class=\"uagb-container-inner-blocks-wrap\">\n    \n    <div class=\"wp-block-uagb-container uagb-block-aaffe3c0\">\n      \n      <h3 class=\"wp-block-heading\">Gartenpflege &amp; Tipp<\/h3>\n      \n      \n      \n      <ul class=\"wp-block-list\">\n        <li><strong><a href=\"https:\/\/www.naturimgarten.at\/\" target=\"_blank\" rel=\"noreferrer noopener\">Natur im Garten<\/a><\/strong><br> Tipps &amp; Veranstaltungen zum Gartenbau in Nieder\u00f6sterreich.<\/li>\n        <li><strong><a href=\"https:\/\/tv.orf.at\/natur-im-garten\/index.html\" target=\"_blank\" rel=\"noreferrer noopener\">Gartenpflege-Tipps vom ORF<\/a><\/strong><br> Praktische Tipps zur Gartenpflege &amp; saisonale Infos.<\/li>\n        <li><a href=\"https:\/\/baumfreunde.org\/bereich\/jahresbaeume\" target=\"_blank\" rel=\"noreferrer noopener\"><strong>Baum des Jahres &#8211; \u00d6sterreichische Baumfreunde<\/strong><\/a><br> Infos zum &#8222;Baum des Jahres&#8220; &amp; Baumpflege.<\/li>\n        <li><a href=\"http:\/\/www.flora-austria.at\/\" target=\"_blank\" rel=\"noreferrer noopener\"><strong>Pflanzenbestimmung &#8211; Flora Austria<\/strong><\/a><br> Bestimmen Sie Pflanzenarten &amp; erfahren mehr \u00fcber heimische Flora.<\/li>\n      <\/ul>\n      \n    <\/div>\n    \n    \n    \n    <div class=\"wp-block-uagb-container uagb-block-731f0cec\">\n      \n      <h3 class=\"wp-block-heading\">Rechtliches &amp; Umwelt<\/h3>\n      \n      \n      \n      <ul class=\"wp-block-list\">\n        <li><a href=\"https:\/\/gartensommer.niederoesterreich.at\/\" target=\"_blank\" rel=\"noreferrer noopener\"><strong>Gartensommer Nieder\u00f6sterreich<\/strong><\/a><br> Infos &amp; Events f\u00fcr Gartenfreunde.<\/li>\n        <li><a href=\"https:\/\/www.naturschutzbund.at\" target=\"_blank\" rel=\"noreferrer noopener\"><strong>Naturschutzbund Nieder\u00f6sterreich<\/strong><\/a><br> Tipps f\u00fcr naturnahes G\u00e4rtnern.<\/li>\n        <li><a href=\"https:\/\/www.naturland-noe.at\/naturschutztipps-zum-nachmachen?utm_source=chatgpt.com\" target=\"_blank\" rel=\"noreferrer noopener\"><strong>Naturland Nieder\u00f6sterreich<\/strong><\/a><br> F\u00f6rdern Sie Biodiversit\u00e4t &amp; Lebensr\u00e4ume f\u00fcr Bienen.<\/li>\n        <li><a href=\"https:\/\/www.mein-schoener-garten.de\/themen\/kompost?utm_source=chatgpt.com\" target=\"_blank\" rel=\"noreferrer noopener\"><strong>Kompostberatung &#8211; Mein sch\u00f6ner Garten<\/strong><\/a><br> Alles \u00fcber Kompostierung &amp; Recycling im Garten.<\/li>\n      <\/ul>\n      \n    <\/div>\n    \n  <\/div>\n<\/div>\n\n","protected":false},"excerpt":{"rendered":"<p>Gartenpflege &amp; Tipp Natur im Garten Tipps &amp; Veranstaltungen zum Gartenbau in Nieder\u00f6sterreich. Gartenpflege-Tipps vom ORF Praktische Tipps zur Gartenpflege &amp; saisonale Infos. Baum des Jahres &#8211; \u00d6sterreichische Baumfreunde Infos&#8230;<\/p>\n","protected":false},"author":1,"featured_media":0,"parent":0,"menu_order":0,"comment_status":"closed","ping_status":"closed","template":"","meta":{"_uag_custom_page_level_css":"","_kad_post_transparent":"","_kad_post_title":"","_kad_post_layout":"","_kad_post_sidebar_id":"","_kad_post_content_style":"","_kad_post_vertical_padding":"","_kad_post_feature":"","_kad_post_feature_position":"","_kad_post_header":false,"_kad_post_footer":false,"_kad_post_classname":"","footnotes":""},"class_list":["post-101","page","type-page","status-publish","hentry"],"yoast_head":"<!-- This site is optimized with the Yoast SEO plugin v27.5 - https:\/\/yoast.com\/product\/yoast-seo-wordpress\/ -->\n<title>N\u00fctzliches - Kleingartenverein Biedermannsdorf<\/title>\n<meta name=\"robots\" content=\"index, follow, max-snippet:-1, max-image-preview:large, max-video-preview:-1\" \/>\n<link rel=\"canonical\" href=\"https:\/\/kleingarten-bdf.at\/index.php\/nuetzliches\/\" \/>\n<meta property=\"og:locale\" content=\"de_DE\" \/>\n<meta property=\"og:type\" content=\"article\" \/>\n<meta property=\"og:title\" content=\"N\u00fctzliches - Kleingartenverein Biedermannsdorf\" \/>\n<meta property=\"og:description\" content=\"Gartenpflege &amp; Tipp Natur im Garten Tipps &amp; Veranstaltungen zum Gartenbau in Nieder\u00f6sterreich. Gartenpflege-Tipps vom ORF Praktische Tipps zur Gartenpflege &amp; saisonale Infos. Baum des Jahres &#8211; \u00d6sterreichische Baumfreunde Infos...\" \/>\n<meta property=\"og:url\" content=\"https:\/\/kleingarten-bdf.at\/index.php\/nuetzliches\/\" \/>\n<meta property=\"og:site_name\" content=\"Kleingartenverein Biedermannsdorf\" \/>\n<meta property=\"article:modified_time\" content=\"2025-02-21T14:51:51+00:00\" \/>\n<meta name=\"twitter:card\" content=\"summary_large_image\" \/>\n<meta name=\"twitter:label1\" content=\"Gesch\u00e4tzte Lesezeit\" \/>\n\t<meta name=\"twitter:data1\" content=\"1\u00a0Minute\" \/>\n<script type=\"application\/ld+json\" class=\"yoast-schema-graph\">{\"@context\":\"https:\\\/\\\/schema.org\",\"@graph\":[{\"@type\":\"WebPage\",\"@id\":\"https:\\\/\\\/kleingarten-bdf.at\\\/index.php\\\/nuetzliches\\\/\",\"url\":\"https:\\\/\\\/kleingarten-bdf.at\\\/index.php\\\/nuetzliches\\\/\",\"name\":\"N\u00fctzliches - Kleingartenverein Biedermannsdorf\",\"isPartOf\":{\"@id\":\"https:\\\/\\\/kleingarten-bdf.at\\\/#website\"},\"datePublished\":\"2025-02-01T06:50:23+00:00\",\"dateModified\":\"2025-02-21T14:51:51+00:00\",\"breadcrumb\":{\"@id\":\"https:\\\/\\\/kleingarten-bdf.at\\\/index.php\\\/nuetzliches\\\/#breadcrumb\"},\"inLanguage\":\"de\",\"potentialAction\":[{\"@type\":\"ReadAction\",\"target\":[\"https:\\\/\\\/kleingarten-bdf.at\\\/index.php\\\/nuetzliches\\\/\"]}]},{\"@type\":\"BreadcrumbList\",\"@id\":\"https:\\\/\\\/kleingarten-bdf.at\\\/index.php\\\/nuetzliches\\\/#breadcrumb\",\"itemListElement\":[{\"@type\":\"ListItem\",\"position\":1,\"name\":\"Startseite\",\"item\":\"https:\\\/\\\/kleingarten-bdf.at\\\/\"},{\"@type\":\"ListItem\",\"position\":2,\"name\":\"N\u00fctzliches\"}]},{\"@type\":\"WebSite\",\"@id\":\"https:\\\/\\\/kleingarten-bdf.at\\\/#website\",\"url\":\"https:\\\/\\\/kleingarten-bdf.at\\\/\",\"name\":\"Kleingartenverein Biedermannsdorf\",\"description\":\"\",\"publisher\":{\"@id\":\"https:\\\/\\\/kleingarten-bdf.at\\\/#organization\"},\"potentialAction\":[{\"@type\":\"SearchAction\",\"target\":{\"@type\":\"EntryPoint\",\"urlTemplate\":\"https:\\\/\\\/kleingarten-bdf.at\\\/?s={search_term_string}\"},\"query-input\":{\"@type\":\"PropertyValueSpecification\",\"valueRequired\":true,\"valueName\":\"search_term_string\"}}],\"inLanguage\":\"de\"},{\"@type\":\"Organization\",\"@id\":\"https:\\\/\\\/kleingarten-bdf.at\\\/#organization\",\"name\":\"Kleingartenverein Biedermannsdorf\",\"url\":\"https:\\\/\\\/kleingarten-bdf.at\\\/\",\"logo\":{\"@type\":\"ImageObject\",\"inLanguage\":\"de\",\"@id\":\"https:\\\/\\\/kleingarten-bdf.at\\\/#\\\/schema\\\/logo\\\/image\\\/\",\"url\":\"https:\\\/\\\/kleingarten-bdf.at\\\/wp-content\\\/uploads\\\/2025\\\/02\\\/cropped-lilie-2.png\",\"contentUrl\":\"https:\\\/\\\/kleingarten-bdf.at\\\/wp-content\\\/uploads\\\/2025\\\/02\\\/cropped-lilie-2.png\",\"width\":245,\"height\":245,\"caption\":\"Kleingartenverein Biedermannsdorf\"},\"image\":{\"@id\":\"https:\\\/\\\/kleingarten-bdf.at\\\/#\\\/schema\\\/logo\\\/image\\\/\"}}]}<\/script>\n<!-- \/ Yoast SEO plugin. -->","yoast_head_json":{"title":"N\u00fctzliches - Kleingartenverein Biedermannsdorf","robots":{"index":"index","follow":"follow","max-snippet":"max-snippet:-1","max-image-preview":"max-image-preview:large","max-video-preview":"max-video-preview:-1"},"canonical":"https:\/\/kleingarten-bdf.at\/index.php\/nuetzliches\/","og_locale":"de_DE","og_type":"article","og_title":"N\u00fctzliches - Kleingartenverein Biedermannsdorf","og_description":"Gartenpflege &amp; Tipp Natur im Garten Tipps &amp; Veranstaltungen zum Gartenbau in Nieder\u00f6sterreich. Gartenpflege-Tipps vom ORF Praktische Tipps zur Gartenpflege &amp; saisonale Infos. Baum des Jahres &#8211; \u00d6sterreichische Baumfreunde Infos...","og_url":"https:\/\/kleingarten-bdf.at\/index.php\/nuetzliches\/","og_site_name":"Kleingartenverein Biedermannsdorf","article_modified_time":"2025-02-21T14:51:51+00:00","twitter_card":"summary_large_image","twitter_misc":{"Gesch\u00e4tzte Lesezeit":"1\u00a0Minute"},"schema":{"@context":"https:\/\/schema.org","@graph":[{"@type":"WebPage","@id":"https:\/\/kleingarten-bdf.at\/index.php\/nuetzliches\/","url":"https:\/\/kleingarten-bdf.at\/index.php\/nuetzliches\/","name":"N\u00fctzliches - Kleingartenverein Biedermannsdorf","isPartOf":{"@id":"https:\/\/kleingarten-bdf.at\/#website"},"datePublished":"2025-02-01T06:50:23+00:00","dateModified":"2025-02-21T14:51:51+00:00","breadcrumb":{"@id":"https:\/\/kleingarten-bdf.at\/index.php\/nuetzliches\/#breadcrumb"},"inLanguage":"de","potentialAction":[{"@type":"ReadAction","target":["https:\/\/kleingarten-bdf.at\/index.php\/nuetzliches\/"]}]},{"@type":"BreadcrumbList","@id":"https:\/\/kleingarten-bdf.at\/index.php\/nuetzliches\/#breadcrumb","itemListElement":[{"@type":"ListItem","position":1,"name":"Startseite","item":"https:\/\/kleingarten-bdf.at\/"},{"@type":"ListItem","position":2,"name":"N\u00fctzliches"}]},{"@type":"WebSite","@id":"https:\/\/kleingarten-bdf.at\/#website","url":"https:\/\/kleingarten-bdf.at\/","name":"Kleingartenverein Biedermannsdorf","description":"","publisher":{"@id":"https:\/\/kleingarten-bdf.at\/#organization"},"potentialAction":[{"@type":"SearchAction","target":{"@type":"EntryPoint","urlTemplate":"https:\/\/kleingarten-bdf.at\/?s={search_term_string}"},"query-input":{"@type":"PropertyValueSpecification","valueRequired":true,"valueName":"search_term_string"}}],"inLanguage":"de"},{"@type":"Organization","@id":"https:\/\/kleingarten-bdf.at\/#organization","name":"Kleingartenverein Biedermannsdorf","url":"https:\/\/kleingarten-bdf.at\/","logo":{"@type":"ImageObject","inLanguage":"de","@id":"https:\/\/kleingarten-bdf.at\/#\/schema\/logo\/image\/","url":"https:\/\/kleingarten-bdf.at\/wp-content\/uploads\/2025\/02\/cropped-lilie-2.png","contentUrl":"https:\/\/kleingarten-bdf.at\/wp-content\/uploads\/2025\/02\/cropped-lilie-2.png","width":245,"height":245,"caption":"Kleingartenverein Biedermannsdorf"},"image":{"@id":"https:\/\/kleingarten-bdf.at\/#\/schema\/logo\/image\/"}}]}},"uagb_featured_image_src":{"full":false,"thumbnail":false,"medium":false,"medium_large":false,"large":false,"1536x1536":false,"2048x2048":false},"uagb_author_info":{"display_name":"admin","author_link":"https:\/\/kleingarten-bdf.at\/index.php\/author\/admin_garten\/"},"uagb_comment_info":0,"uagb_excerpt":"Gartenpflege &amp; Tipp Natur im Garten Tipps &amp; Veranstaltungen zum Gartenbau in Nieder\u00f6sterreich. Gartenpflege-Tipps vom ORF Praktische Tipps zur Gartenpflege &amp; saisonale Infos. Baum des Jahres &#8211; \u00d6sterreichische Baumfreunde Infos...","_links":{"self":[{"href":"https:\/\/kleingarten-bdf.at\/index.php\/wp-json\/wp\/v2\/pages\/101","targetHints":{"allow":["GET"]}}],"collection":[{"href":"https:\/\/kleingarten-bdf.at\/index.php\/wp-json\/wp\/v2\/pages"}],"about":[{"href":"https:\/\/kleingarten-bdf.at\/index.php\/wp-json\/wp\/v2\/types\/page"}],"author":[{"embeddable":true,"href":"https:\/\/kleingarten-bdf.at\/index.php\/wp-json\/wp\/v2\/users\/1"}],"replies":[{"embeddable":true,"href":"https:\/\/kleingarten-bdf.at\/index.php\/wp-json\/wp\/v2\/comments?post=101"}],"version-history":[{"count":16,"href":"https:\/\/kleingarten-bdf.at\/index.php\/wp-json\/wp\/v2\/pages\/101\/revisions"}],"predecessor-version":[{"id":602,"href":"https:\/\/kleingarten-bdf.at\/index.php\/wp-json\/wp\/v2\/pages\/101\/revisions\/602"}],"wp:attachment":[{"href":"https:\/\/kleingarten-bdf.at\/index.php\/wp-json\/wp\/v2\/media?parent=101"}],"curies":[{"name":"wp","href":"https:\/\/api.w.org\/{rel}","templated":true}]}}