{"id":206,"date":"2025-02-02T12:07:39","date_gmt":"2025-02-02T12:07:39","guid":{"rendered":"https:\/\/kleingarten-bdf.at\/?page_id=206"},"modified":"2025-02-21T14:11:35","modified_gmt":"2025-02-21T14:11:35","slug":"herzlich-willkommen","status":"publish","type":"page","link":"https:\/\/kleingarten-bdf.at\/","title":{"rendered":"Herzlich Willkommen beim Kleingartenverein Biedermannsdorf!"},"content":{"rendered":"\n<figure class=\"wp-block-image size-full is-resized\"><img loading=\"lazy\" decoding=\"async\" width=\"1000\" height=\"373\" src=\"https:\/\/kleingarten-bdf.at\/wp-content\/uploads\/2025\/02\/klgv.png\" alt=\"\" class=\"wp-image-575\" style=\"width:1170px;height:auto\" srcset=\"https:\/\/kleingarten-bdf.at\/wp-content\/uploads\/2025\/02\/klgv.png 1000w, https:\/\/kleingarten-bdf.at\/wp-content\/uploads\/2025\/02\/klgv-768x286.png 768w\" sizes=\"auto, (max-width: 1000px) 100vw, 1000px\" \/><\/figure>\n\n\n\n<p><br>Wir freuen uns, Sie hier begr\u00fc\u00dfen zu d\u00fcrfen und m\u00f6chten Ihnen einen Einblick in unsere Gemeinschaft und unsere Aktivit\u00e4ten geben.<br><br>Unser Verein ist ein Ort, an dem Naturfreunde zusammenkommen, um ihre Leidenschaft f\u00fcr den Gartenbau zu teilen und zu pflegen. Hier haben Mitglieder die M\u00f6glichkeit, ihre eigenen G\u00e4rten zu gestalten, sich mit anderen auszutauschen und an gemeinsamen Veranstaltungen teilzunehmen.<br><br>Auf unserer Website finden Sie Informationen \u00fcber unsere aktuellen Projekte, bevorstehende Veranstaltungen und Neuigkeiten aus dem Vereinsleben. Zudem bieten wir n\u00fctzliche Tipps und Ressourcen rund um das Thema Gartenbau an.<br><br>Wir w\u00fcnschen Ihnen viel Freude beim St\u00f6bern und hoffen, Sie bald pers\u00f6nlich bei einer unserer Veranstaltungen begr\u00fc\u00dfen zu d\u00fcrfen.<\/p>\n","protected":false},"excerpt":{"rendered":"<p>Wir freuen uns, Sie hier begr\u00fc\u00dfen zu d\u00fcrfen und m\u00f6chten Ihnen einen Einblick in unsere Gemeinschaft und unsere Aktivit\u00e4ten geben. Unser Verein ist ein Ort, an dem Naturfreunde zusammenkommen, um&#8230;<\/p>\n","protected":false},"author":1,"featured_media":0,"parent":0,"menu_order":0,"comment_status":"closed","ping_status":"closed","template":"","meta":{"_uag_custom_page_level_css":"","_kad_post_transparent":"","_kad_post_title":"","_kad_post_layout":"","_kad_post_sidebar_id":"","_kad_post_content_style":"","_kad_post_vertical_padding":"","_kad_post_feature":"","_kad_post_feature_position":"","_kad_post_header":false,"_kad_post_footer":false,"_kad_post_classname":"","footnotes":""},"class_list":["post-206","page","type-page","status-publish","hentry"],"yoast_head":"<!-- This site is optimized with the Yoast SEO plugin v27.5 - https:\/\/yoast.com\/product\/yoast-seo-wordpress\/ -->\n<title>Herzlich Willkommen beim Kleingartenverein Biedermannsdorf! - Kleingartenverein Biedermannsdorf<\/title>\n<meta name=\"robots\" content=\"index, follow, max-snippet:-1, max-image-preview:large, max-video-preview:-1\" \/>\n<link rel=\"canonical\" href=\"https:\/\/kleingarten-bdf.at\/\" \/>\n<meta property=\"og:locale\" content=\"de_DE\" \/>\n<meta property=\"og:type\" content=\"article\" \/>\n<meta property=\"og:title\" content=\"Herzlich Willkommen beim Kleingartenverein Biedermannsdorf! - Kleingartenverein Biedermannsdorf\" \/>\n<meta property=\"og:description\" content=\"Wir freuen uns, Sie hier begr\u00fc\u00dfen zu d\u00fcrfen und m\u00f6chten Ihnen einen Einblick in unsere Gemeinschaft und unsere Aktivit\u00e4ten geben. Unser Verein ist ein Ort, an dem Naturfreunde zusammenkommen, um...\" \/>\n<meta property=\"og:url\" content=\"https:\/\/kleingarten-bdf.at\/\" \/>\n<meta property=\"og:site_name\" content=\"Kleingartenverein Biedermannsdorf\" \/>\n<meta property=\"article:modified_time\" content=\"2025-02-21T14:11:35+00:00\" \/>\n<meta property=\"og:image\" content=\"https:\/\/kleingarten-bdf.at\/wp-content\/uploads\/2025\/02\/klgv.png\" \/>\n\t<meta property=\"og:image:width\" content=\"1000\" \/>\n\t<meta property=\"og:image:height\" content=\"373\" \/>\n\t<meta property=\"og:image:type\" content=\"image\/png\" \/>\n<meta name=\"twitter:card\" content=\"summary_large_image\" \/>\n<meta name=\"twitter:label1\" content=\"Gesch\u00e4tzte Lesezeit\" \/>\n\t<meta name=\"twitter:data1\" content=\"1\u00a0Minute\" \/>\n<script type=\"application\/ld+json\" class=\"yoast-schema-graph\">{\"@context\":\"https:\\\/\\\/schema.org\",\"@graph\":[{\"@type\":\"WebPage\",\"@id\":\"https:\\\/\\\/kleingarten-bdf.at\\\/\",\"url\":\"https:\\\/\\\/kleingarten-bdf.at\\\/\",\"name\":\"Herzlich Willkommen beim Kleingartenverein Biedermannsdorf! - Kleingartenverein Biedermannsdorf\",\"isPartOf\":{\"@id\":\"https:\\\/\\\/kleingarten-bdf.at\\\/#website\"},\"primaryImageOfPage\":{\"@id\":\"https:\\\/\\\/kleingarten-bdf.at\\\/#primaryimage\"},\"image\":{\"@id\":\"https:\\\/\\\/kleingarten-bdf.at\\\/#primaryimage\"},\"thumbnailUrl\":\"https:\\\/\\\/kleingarten-bdf.at\\\/wp-content\\\/uploads\\\/2025\\\/02\\\/klgv.png\",\"datePublished\":\"2025-02-02T12:07:39+00:00\",\"dateModified\":\"2025-02-21T14:11:35+00:00\",\"breadcrumb\":{\"@id\":\"https:\\\/\\\/kleingarten-bdf.at\\\/#breadcrumb\"},\"inLanguage\":\"de\",\"potentialAction\":[{\"@type\":\"ReadAction\",\"target\":[\"https:\\\/\\\/kleingarten-bdf.at\\\/\"]}]},{\"@type\":\"ImageObject\",\"inLanguage\":\"de\",\"@id\":\"https:\\\/\\\/kleingarten-bdf.at\\\/#primaryimage\",\"url\":\"\",\"contentUrl\":\"\"},{\"@type\":\"BreadcrumbList\",\"@id\":\"https:\\\/\\\/kleingarten-bdf.at\\\/#breadcrumb\",\"itemListElement\":[{\"@type\":\"ListItem\",\"position\":1,\"name\":\"Startseite\",\"item\":\"https:\\\/\\\/kleingarten-bdf.at\\\/\"},{\"@type\":\"ListItem\",\"position\":2,\"name\":\"Herzlich Willkommen beim Kleingartenverein Biedermannsdorf!\"}]},{\"@type\":\"WebSite\",\"@id\":\"https:\\\/\\\/kleingarten-bdf.at\\\/#website\",\"url\":\"https:\\\/\\\/kleingarten-bdf.at\\\/\",\"name\":\"Kleingartenverein Biedermannsdorf\",\"description\":\"\",\"publisher\":{\"@id\":\"https:\\\/\\\/kleingarten-bdf.at\\\/#organization\"},\"potentialAction\":[{\"@type\":\"SearchAction\",\"target\":{\"@type\":\"EntryPoint\",\"urlTemplate\":\"https:\\\/\\\/kleingarten-bdf.at\\\/?s={search_term_string}\"},\"query-input\":{\"@type\":\"PropertyValueSpecification\",\"valueRequired\":true,\"valueName\":\"search_term_string\"}}],\"inLanguage\":\"de\"},{\"@type\":\"Organization\",\"@id\":\"https:\\\/\\\/kleingarten-bdf.at\\\/#organization\",\"name\":\"Kleingartenverein Biedermannsdorf\",\"url\":\"https:\\\/\\\/kleingarten-bdf.at\\\/\",\"logo\":{\"@type\":\"ImageObject\",\"inLanguage\":\"de\",\"@id\":\"https:\\\/\\\/kleingarten-bdf.at\\\/#\\\/schema\\\/logo\\\/image\\\/\",\"url\":\"https:\\\/\\\/kleingarten-bdf.at\\\/wp-content\\\/uploads\\\/2025\\\/02\\\/cropped-lilie-2.png\",\"contentUrl\":\"https:\\\/\\\/kleingarten-bdf.at\\\/wp-content\\\/uploads\\\/2025\\\/02\\\/cropped-lilie-2.png\",\"width\":245,\"height\":245,\"caption\":\"Kleingartenverein Biedermannsdorf\"},\"image\":{\"@id\":\"https:\\\/\\\/kleingarten-bdf.at\\\/#\\\/schema\\\/logo\\\/image\\\/\"}}]}<\/script>\n<!-- \/ Yoast SEO plugin. -->","yoast_head_json":{"title":"Herzlich Willkommen beim Kleingartenverein Biedermannsdorf! - Kleingartenverein Biedermannsdorf","robots":{"index":"index","follow":"follow","max-snippet":"max-snippet:-1","max-image-preview":"max-image-preview:large","max-video-preview":"max-video-preview:-1"},"canonical":"https:\/\/kleingarten-bdf.at\/","og_locale":"de_DE","og_type":"article","og_title":"Herzlich Willkommen beim Kleingartenverein Biedermannsdorf! - Kleingartenverein Biedermannsdorf","og_description":"Wir freuen uns, Sie hier begr\u00fc\u00dfen zu d\u00fcrfen und m\u00f6chten Ihnen einen Einblick in unsere Gemeinschaft und unsere Aktivit\u00e4ten geben. Unser Verein ist ein Ort, an dem Naturfreunde zusammenkommen, um...","og_url":"https:\/\/kleingarten-bdf.at\/","og_site_name":"Kleingartenverein Biedermannsdorf","article_modified_time":"2025-02-21T14:11:35+00:00","og_image":[{"width":1000,"height":373,"url":"https:\/\/kleingarten-bdf.at\/wp-content\/uploads\/2025\/02\/klgv.png","type":"image\/png"}],"twitter_card":"summary_large_image","twitter_misc":{"Gesch\u00e4tzte Lesezeit":"1\u00a0Minute"},"schema":{"@context":"https:\/\/schema.org","@graph":[{"@type":"WebPage","@id":"https:\/\/kleingarten-bdf.at\/","url":"https:\/\/kleingarten-bdf.at\/","name":"Herzlich Willkommen beim Kleingartenverein Biedermannsdorf! - Kleingartenverein Biedermannsdorf","isPartOf":{"@id":"https:\/\/kleingarten-bdf.at\/#website"},"primaryImageOfPage":{"@id":"https:\/\/kleingarten-bdf.at\/#primaryimage"},"image":{"@id":"https:\/\/kleingarten-bdf.at\/#primaryimage"},"thumbnailUrl":"https:\/\/kleingarten-bdf.at\/wp-content\/uploads\/2025\/02\/klgv.png","datePublished":"2025-02-02T12:07:39+00:00","dateModified":"2025-02-21T14:11:35+00:00","breadcrumb":{"@id":"https:\/\/kleingarten-bdf.at\/#breadcrumb"},"inLanguage":"de","potentialAction":[{"@type":"ReadAction","target":["https:\/\/kleingarten-bdf.at\/"]}]},{"@type":"ImageObject","inLanguage":"de","@id":"https:\/\/kleingarten-bdf.at\/#primaryimage","url":"","contentUrl":""},{"@type":"BreadcrumbList","@id":"https:\/\/kleingarten-bdf.at\/#breadcrumb","itemListElement":[{"@type":"ListItem","position":1,"name":"Startseite","item":"https:\/\/kleingarten-bdf.at\/"},{"@type":"ListItem","position":2,"name":"Herzlich Willkommen beim Kleingartenverein Biedermannsdorf!"}]},{"@type":"WebSite","@id":"https:\/\/kleingarten-bdf.at\/#website","url":"https:\/\/kleingarten-bdf.at\/","name":"Kleingartenverein Biedermannsdorf","description":"","publisher":{"@id":"https:\/\/kleingarten-bdf.at\/#organization"},"potentialAction":[{"@type":"SearchAction","target":{"@type":"EntryPoint","urlTemplate":"https:\/\/kleingarten-bdf.at\/?s={search_term_string}"},"query-input":{"@type":"PropertyValueSpecification","valueRequired":true,"valueName":"search_term_string"}}],"inLanguage":"de"},{"@type":"Organization","@id":"https:\/\/kleingarten-bdf.at\/#organization","name":"Kleingartenverein Biedermannsdorf","url":"https:\/\/kleingarten-bdf.at\/","logo":{"@type":"ImageObject","inLanguage":"de","@id":"https:\/\/kleingarten-bdf.at\/#\/schema\/logo\/image\/","url":"https:\/\/kleingarten-bdf.at\/wp-content\/uploads\/2025\/02\/cropped-lilie-2.png","contentUrl":"https:\/\/kleingarten-bdf.at\/wp-content\/uploads\/2025\/02\/cropped-lilie-2.png","width":245,"height":245,"caption":"Kleingartenverein Biedermannsdorf"},"image":{"@id":"https:\/\/kleingarten-bdf.at\/#\/schema\/logo\/image\/"}}]}},"uagb_featured_image_src":{"full":false,"thumbnail":false,"medium":false,"medium_large":false,"large":false,"1536x1536":false,"2048x2048":false},"uagb_author_info":{"display_name":"admin","author_link":"https:\/\/kleingarten-bdf.at\/index.php\/author\/admin_garten\/"},"uagb_comment_info":0,"uagb_excerpt":"Wir freuen uns, Sie hier begr\u00fc\u00dfen zu d\u00fcrfen und m\u00f6chten Ihnen einen Einblick in unsere Gemeinschaft und unsere Aktivit\u00e4ten geben. Unser Verein ist ein Ort, an dem Naturfreunde zusammenkommen, um...","_links":{"self":[{"href":"https:\/\/kleingarten-bdf.at\/index.php\/wp-json\/wp\/v2\/pages\/206","targetHints":{"allow":["GET"]}}],"collection":[{"href":"https:\/\/kleingarten-bdf.at\/index.php\/wp-json\/wp\/v2\/pages"}],"about":[{"href":"https:\/\/kleingarten-bdf.at\/index.php\/wp-json\/wp\/v2\/types\/page"}],"author":[{"embeddable":true,"href":"https:\/\/kleingarten-bdf.at\/index.php\/wp-json\/wp\/v2\/users\/1"}],"replies":[{"embeddable":true,"href":"https:\/\/kleingarten-bdf.at\/index.php\/wp-json\/wp\/v2\/comments?post=206"}],"version-history":[{"count":8,"href":"https:\/\/kleingarten-bdf.at\/index.php\/wp-json\/wp\/v2\/pages\/206\/revisions"}],"predecessor-version":[{"id":576,"href":"https:\/\/kleingarten-bdf.at\/index.php\/wp-json\/wp\/v2\/pages\/206\/revisions\/576"}],"wp:attachment":[{"href":"https:\/\/kleingarten-bdf.at\/index.php\/wp-json\/wp\/v2\/media?parent=206"}],"curies":[{"name":"wp","href":"https:\/\/api.w.org\/{rel}","templated":true}]}}