{"id":62,"date":"2025-02-01T06:42:49","date_gmt":"2025-02-01T06:42:49","guid":{"rendered":"https:\/\/kleingarten-bdf.at\/?page_id=62"},"modified":"2025-02-21T15:59:36","modified_gmt":"2025-02-21T15:59:36","slug":"kleingartenhuette","status":"publish","type":"page","link":"https:\/\/kleingarten-bdf.at\/index.php\/kleingartenhuette\/","title":{"rendered":"Kleingartenh\u00fctte"},"content":{"rendered":"<div class=\"wp-block-image\">\n<figure class=\"alignright size-full is-resized\"><img loading=\"lazy\" decoding=\"async\" width=\"480\" height=\"320\" src=\"https:\/\/kleingarten-bdf.at\/wp-content\/uploads\/2025\/02\/Gartenhuette.png\" alt=\"\" class=\"wp-image-445\" style=\"width:370px;height:auto\" srcset=\"https:\/\/kleingarten-bdf.at\/wp-content\/uploads\/2025\/02\/Gartenhuette.png 480w, https:\/\/kleingarten-bdf.at\/wp-content\/uploads\/2025\/02\/Gartenhuette-768x512.png 768w\" sizes=\"auto, (max-width: 480px) 100vw, 480px\" \/><\/figure>\n<\/div>\n\n\n<h2 class=\"wp-block-heading\">Informationen <strong>Bebauung, Kleingartenh\u00fctten<\/strong><\/h2>\n\n\n\n<p>In jedem Kleingarten darf nur eine Kleingartenh\u00fctte errichtet werden. Nebengeb\u00e4ude sind nicht zul\u00e4ssig, ausgenommen eine nicht unterkellerte Ger\u00e4teh\u00fctte mit einer bebauten Fl\u00e4che von maximal 6 m\u00b2 und einer Geb\u00e4udeh\u00f6he von maximal 2,50 m, sofern sie direkt an die Kleingartenh\u00fctte angebaut ist und keinen Durchgang in die Kleingartenh\u00fctte aufweist oder ein Gew\u00e4chshaus mit den gleichen Ausma\u00dfen.<\/p>\n\n\n\n<div class=\"wp-block-uagb-icon-list uagb-block-e029bde3\"><div class=\"uagb-icon-list__wrap\">\n<div class=\"wp-block-uagb-icon-list-child uagb-block-9b69a2f6\"><span class=\"uagb-icon-list__source-wrap\"><svg xmlns=\"https:\/\/www.w3.org\/2000\/svg\" viewBox=\"0 0 512 512\"><path d=\"M256 0C114.6 0 0 114.6 0 256c0 141.4 114.6 256 256 256s256-114.6 256-256C512 114.6 397.4 0 256 0zM406.6 278.6l-103.1 103.1c-12.5 12.5-32.75 12.5-45.25 0s-12.5-32.75 0-45.25L306.8 288H128C110.3 288 96 273.7 96 256s14.31-32 32-32h178.8l-49.38-49.38c-12.5-12.5-12.5-32.75 0-45.25s32.75-12.5 45.25 0l103.1 103.1C414.6 241.3 416 251.1 416 256C416 260.9 414.6 270.7 406.6 278.6z\"><\/path><\/svg><\/span><span class=\"uagb-icon-list__label\">Die Bebauungsdichte darf 20 % der Fl\u00e4che des einzelnen Kleingartens nicht \u00fcbersteigen. Darunter f\u00e4llt auch jede asphaltierte, betonierte oder mit Steinen bzw. Platten verbaute Fl\u00e4chen.<\/span><\/div>\n\n\n\n<div class=\"wp-block-uagb-icon-list-child uagb-block-3206c075\"><span class=\"uagb-icon-list__source-wrap\"><svg xmlns=\"https:\/\/www.w3.org\/2000\/svg\" viewBox=\"0 0 512 512\"><path d=\"M256 0C114.6 0 0 114.6 0 256c0 141.4 114.6 256 256 256s256-114.6 256-256C512 114.6 397.4 0 256 0zM406.6 278.6l-103.1 103.1c-12.5 12.5-32.75 12.5-45.25 0s-12.5-32.75 0-45.25L306.8 288H128C110.3 288 96 273.7 96 256s14.31-32 32-32h178.8l-49.38-49.38c-12.5-12.5-12.5-32.75 0-45.25s32.75-12.5 45.25 0l103.1 103.1C414.6 241.3 416 251.1 416 256C416 260.9 414.6 270.7 406.6 278.6z\"><\/path><\/svg><\/span><span class=\"uagb-icon-list__label\">Die bebaute Fl\u00e4che der Kleingartenh\u00fctte darf nicht 37 m\u00b2, die Traufenh\u00f6he nicht <br>3,80 m und die Firsth\u00f6he nicht 5,20 m \u00fcbersteigen.<br><\/span><\/div>\n\n\n\n<div class=\"wp-block-uagb-icon-list-child uagb-block-5d5cba51\"><span class=\"uagb-icon-list__source-wrap\"><svg xmlns=\"https:\/\/www.w3.org\/2000\/svg\" viewBox=\"0 0 512 512\"><path d=\"M256 0C114.6 0 0 114.6 0 256c0 141.4 114.6 256 256 256s256-114.6 256-256C512 114.6 397.4 0 256 0zM406.6 278.6l-103.1 103.1c-12.5 12.5-32.75 12.5-45.25 0s-12.5-32.75 0-45.25L306.8 288H128C110.3 288 96 273.7 96 256s14.31-32 32-32h178.8l-49.38-49.38c-12.5-12.5-12.5-32.75 0-45.25s32.75-12.5 45.25 0l103.1 103.1C414.6 241.3 416 251.1 416 256C416 260.9 414.6 270.7 406.6 278.6z\"><\/path><\/svg><\/span><span class=\"uagb-icon-list__label\">Die mit Vord\u00e4chern, Dachvorspr\u00fcngen und \u00e4hnlichen offenen nicht raumbildenden Bauteilen der Kleingartenh\u00fctte \u00fcberbaute Fl\u00e4che darf nicht mehr als 45 % der bebauten Fl\u00e4che der Kleingartenh\u00fctte ausmachen.<\/span><\/div>\n<\/div><\/div>\n\n\n\n<p><\/p>\n","protected":false},"excerpt":{"rendered":"<p>Informationen Bebauung, Kleingartenh\u00fctten In jedem Kleingarten darf nur eine Kleingartenh\u00fctte errichtet werden. Nebengeb\u00e4ude sind nicht zul\u00e4ssig, ausgenommen eine nicht unterkellerte Ger\u00e4teh\u00fctte mit einer bebauten Fl\u00e4che von maximal 6 m\u00b2 und&#8230;<\/p>\n","protected":false},"author":1,"featured_media":0,"parent":0,"menu_order":0,"comment_status":"closed","ping_status":"closed","template":"","meta":{"_uag_custom_page_level_css":"","_kad_post_transparent":"","_kad_post_title":"","_kad_post_layout":"","_kad_post_sidebar_id":"","_kad_post_content_style":"","_kad_post_vertical_padding":"","_kad_post_feature":"","_kad_post_feature_position":"","_kad_post_header":false,"_kad_post_footer":false,"_kad_post_classname":"","footnotes":""},"class_list":["post-62","page","type-page","status-publish","hentry"],"yoast_head":"<!-- This site is optimized with the Yoast SEO plugin v27.5 - https:\/\/yoast.com\/product\/yoast-seo-wordpress\/ -->\n<title>Kleingartenh\u00fctte - Kleingartenverein Biedermannsdorf<\/title>\n<meta name=\"robots\" content=\"index, follow, max-snippet:-1, max-image-preview:large, max-video-preview:-1\" \/>\n<link rel=\"canonical\" href=\"https:\/\/kleingarten-bdf.at\/index.php\/kleingartenhuette\/\" \/>\n<meta property=\"og:locale\" content=\"de_DE\" \/>\n<meta property=\"og:type\" content=\"article\" \/>\n<meta property=\"og:title\" content=\"Kleingartenh\u00fctte - Kleingartenverein Biedermannsdorf\" \/>\n<meta property=\"og:description\" content=\"Informationen Bebauung, Kleingartenh\u00fctten In jedem Kleingarten darf nur eine Kleingartenh\u00fctte errichtet werden. Nebengeb\u00e4ude sind nicht zul\u00e4ssig, ausgenommen eine nicht unterkellerte Ger\u00e4teh\u00fctte mit einer bebauten Fl\u00e4che von maximal 6 m\u00b2 und...\" \/>\n<meta property=\"og:url\" content=\"https:\/\/kleingarten-bdf.at\/index.php\/kleingartenhuette\/\" \/>\n<meta property=\"og:site_name\" content=\"Kleingartenverein Biedermannsdorf\" \/>\n<meta property=\"article:modified_time\" content=\"2025-02-21T15:59:36+00:00\" \/>\n<meta property=\"og:image\" content=\"https:\/\/kleingarten-bdf.at\/wp-content\/uploads\/2025\/02\/Gartenhuette.png\" \/>\n\t<meta property=\"og:image:width\" content=\"480\" \/>\n\t<meta property=\"og:image:height\" content=\"320\" \/>\n\t<meta property=\"og:image:type\" content=\"image\/png\" \/>\n<meta name=\"twitter:card\" content=\"summary_large_image\" \/>\n<meta name=\"twitter:label1\" content=\"Gesch\u00e4tzte Lesezeit\" \/>\n\t<meta name=\"twitter:data1\" content=\"1\u00a0Minute\" \/>\n<script type=\"application\/ld+json\" class=\"yoast-schema-graph\">{\"@context\":\"https:\\\/\\\/schema.org\",\"@graph\":[{\"@type\":\"WebPage\",\"@id\":\"https:\\\/\\\/kleingarten-bdf.at\\\/index.php\\\/kleingartenhuette\\\/\",\"url\":\"https:\\\/\\\/kleingarten-bdf.at\\\/index.php\\\/kleingartenhuette\\\/\",\"name\":\"Kleingartenh\u00fctte - Kleingartenverein Biedermannsdorf\",\"isPartOf\":{\"@id\":\"https:\\\/\\\/kleingarten-bdf.at\\\/#website\"},\"primaryImageOfPage\":{\"@id\":\"https:\\\/\\\/kleingarten-bdf.at\\\/index.php\\\/kleingartenhuette\\\/#primaryimage\"},\"image\":{\"@id\":\"https:\\\/\\\/kleingarten-bdf.at\\\/index.php\\\/kleingartenhuette\\\/#primaryimage\"},\"thumbnailUrl\":\"https:\\\/\\\/kleingarten-bdf.at\\\/wp-content\\\/uploads\\\/2025\\\/02\\\/Gartenhuette.png\",\"datePublished\":\"2025-02-01T06:42:49+00:00\",\"dateModified\":\"2025-02-21T15:59:36+00:00\",\"breadcrumb\":{\"@id\":\"https:\\\/\\\/kleingarten-bdf.at\\\/index.php\\\/kleingartenhuette\\\/#breadcrumb\"},\"inLanguage\":\"de\",\"potentialAction\":[{\"@type\":\"ReadAction\",\"target\":[\"https:\\\/\\\/kleingarten-bdf.at\\\/index.php\\\/kleingartenhuette\\\/\"]}]},{\"@type\":\"ImageObject\",\"inLanguage\":\"de\",\"@id\":\"https:\\\/\\\/kleingarten-bdf.at\\\/index.php\\\/kleingartenhuette\\\/#primaryimage\",\"url\":\"https:\\\/\\\/kleingarten-bdf.at\\\/wp-content\\\/uploads\\\/2025\\\/02\\\/Gartenhuette.png\",\"contentUrl\":\"https:\\\/\\\/kleingarten-bdf.at\\\/wp-content\\\/uploads\\\/2025\\\/02\\\/Gartenhuette.png\",\"width\":480,\"height\":320},{\"@type\":\"BreadcrumbList\",\"@id\":\"https:\\\/\\\/kleingarten-bdf.at\\\/index.php\\\/kleingartenhuette\\\/#breadcrumb\",\"itemListElement\":[{\"@type\":\"ListItem\",\"position\":1,\"name\":\"Startseite\",\"item\":\"https:\\\/\\\/kleingarten-bdf.at\\\/\"},{\"@type\":\"ListItem\",\"position\":2,\"name\":\"Kleingartenh\u00fctte\"}]},{\"@type\":\"WebSite\",\"@id\":\"https:\\\/\\\/kleingarten-bdf.at\\\/#website\",\"url\":\"https:\\\/\\\/kleingarten-bdf.at\\\/\",\"name\":\"Kleingartenverein Biedermannsdorf\",\"description\":\"\",\"publisher\":{\"@id\":\"https:\\\/\\\/kleingarten-bdf.at\\\/#organization\"},\"potentialAction\":[{\"@type\":\"SearchAction\",\"target\":{\"@type\":\"EntryPoint\",\"urlTemplate\":\"https:\\\/\\\/kleingarten-bdf.at\\\/?s={search_term_string}\"},\"query-input\":{\"@type\":\"PropertyValueSpecification\",\"valueRequired\":true,\"valueName\":\"search_term_string\"}}],\"inLanguage\":\"de\"},{\"@type\":\"Organization\",\"@id\":\"https:\\\/\\\/kleingarten-bdf.at\\\/#organization\",\"name\":\"Kleingartenverein Biedermannsdorf\",\"url\":\"https:\\\/\\\/kleingarten-bdf.at\\\/\",\"logo\":{\"@type\":\"ImageObject\",\"inLanguage\":\"de\",\"@id\":\"https:\\\/\\\/kleingarten-bdf.at\\\/#\\\/schema\\\/logo\\\/image\\\/\",\"url\":\"https:\\\/\\\/kleingarten-bdf.at\\\/wp-content\\\/uploads\\\/2025\\\/02\\\/cropped-lilie-2.png\",\"contentUrl\":\"https:\\\/\\\/kleingarten-bdf.at\\\/wp-content\\\/uploads\\\/2025\\\/02\\\/cropped-lilie-2.png\",\"width\":245,\"height\":245,\"caption\":\"Kleingartenverein Biedermannsdorf\"},\"image\":{\"@id\":\"https:\\\/\\\/kleingarten-bdf.at\\\/#\\\/schema\\\/logo\\\/image\\\/\"}}]}<\/script>\n<!-- \/ Yoast SEO plugin. -->","yoast_head_json":{"title":"Kleingartenh\u00fctte - Kleingartenverein Biedermannsdorf","robots":{"index":"index","follow":"follow","max-snippet":"max-snippet:-1","max-image-preview":"max-image-preview:large","max-video-preview":"max-video-preview:-1"},"canonical":"https:\/\/kleingarten-bdf.at\/index.php\/kleingartenhuette\/","og_locale":"de_DE","og_type":"article","og_title":"Kleingartenh\u00fctte - Kleingartenverein Biedermannsdorf","og_description":"Informationen Bebauung, Kleingartenh\u00fctten In jedem Kleingarten darf nur eine Kleingartenh\u00fctte errichtet werden. Nebengeb\u00e4ude sind nicht zul\u00e4ssig, ausgenommen eine nicht unterkellerte Ger\u00e4teh\u00fctte mit einer bebauten Fl\u00e4che von maximal 6 m\u00b2 und...","og_url":"https:\/\/kleingarten-bdf.at\/index.php\/kleingartenhuette\/","og_site_name":"Kleingartenverein Biedermannsdorf","article_modified_time":"2025-02-21T15:59:36+00:00","og_image":[{"width":480,"height":320,"url":"https:\/\/kleingarten-bdf.at\/wp-content\/uploads\/2025\/02\/Gartenhuette.png","type":"image\/png"}],"twitter_card":"summary_large_image","twitter_misc":{"Gesch\u00e4tzte Lesezeit":"1\u00a0Minute"},"schema":{"@context":"https:\/\/schema.org","@graph":[{"@type":"WebPage","@id":"https:\/\/kleingarten-bdf.at\/index.php\/kleingartenhuette\/","url":"https:\/\/kleingarten-bdf.at\/index.php\/kleingartenhuette\/","name":"Kleingartenh\u00fctte - Kleingartenverein Biedermannsdorf","isPartOf":{"@id":"https:\/\/kleingarten-bdf.at\/#website"},"primaryImageOfPage":{"@id":"https:\/\/kleingarten-bdf.at\/index.php\/kleingartenhuette\/#primaryimage"},"image":{"@id":"https:\/\/kleingarten-bdf.at\/index.php\/kleingartenhuette\/#primaryimage"},"thumbnailUrl":"https:\/\/kleingarten-bdf.at\/wp-content\/uploads\/2025\/02\/Gartenhuette.png","datePublished":"2025-02-01T06:42:49+00:00","dateModified":"2025-02-21T15:59:36+00:00","breadcrumb":{"@id":"https:\/\/kleingarten-bdf.at\/index.php\/kleingartenhuette\/#breadcrumb"},"inLanguage":"de","potentialAction":[{"@type":"ReadAction","target":["https:\/\/kleingarten-bdf.at\/index.php\/kleingartenhuette\/"]}]},{"@type":"ImageObject","inLanguage":"de","@id":"https:\/\/kleingarten-bdf.at\/index.php\/kleingartenhuette\/#primaryimage","url":"https:\/\/kleingarten-bdf.at\/wp-content\/uploads\/2025\/02\/Gartenhuette.png","contentUrl":"https:\/\/kleingarten-bdf.at\/wp-content\/uploads\/2025\/02\/Gartenhuette.png","width":480,"height":320},{"@type":"BreadcrumbList","@id":"https:\/\/kleingarten-bdf.at\/index.php\/kleingartenhuette\/#breadcrumb","itemListElement":[{"@type":"ListItem","position":1,"name":"Startseite","item":"https:\/\/kleingarten-bdf.at\/"},{"@type":"ListItem","position":2,"name":"Kleingartenh\u00fctte"}]},{"@type":"WebSite","@id":"https:\/\/kleingarten-bdf.at\/#website","url":"https:\/\/kleingarten-bdf.at\/","name":"Kleingartenverein Biedermannsdorf","description":"","publisher":{"@id":"https:\/\/kleingarten-bdf.at\/#organization"},"potentialAction":[{"@type":"SearchAction","target":{"@type":"EntryPoint","urlTemplate":"https:\/\/kleingarten-bdf.at\/?s={search_term_string}"},"query-input":{"@type":"PropertyValueSpecification","valueRequired":true,"valueName":"search_term_string"}}],"inLanguage":"de"},{"@type":"Organization","@id":"https:\/\/kleingarten-bdf.at\/#organization","name":"Kleingartenverein Biedermannsdorf","url":"https:\/\/kleingarten-bdf.at\/","logo":{"@type":"ImageObject","inLanguage":"de","@id":"https:\/\/kleingarten-bdf.at\/#\/schema\/logo\/image\/","url":"https:\/\/kleingarten-bdf.at\/wp-content\/uploads\/2025\/02\/cropped-lilie-2.png","contentUrl":"https:\/\/kleingarten-bdf.at\/wp-content\/uploads\/2025\/02\/cropped-lilie-2.png","width":245,"height":245,"caption":"Kleingartenverein Biedermannsdorf"},"image":{"@id":"https:\/\/kleingarten-bdf.at\/#\/schema\/logo\/image\/"}}]}},"uagb_featured_image_src":{"full":false,"thumbnail":false,"medium":false,"medium_large":false,"large":false,"1536x1536":false,"2048x2048":false},"uagb_author_info":{"display_name":"admin","author_link":"https:\/\/kleingarten-bdf.at\/index.php\/author\/admin_garten\/"},"uagb_comment_info":0,"uagb_excerpt":"Informationen Bebauung, Kleingartenh\u00fctten In jedem Kleingarten darf nur eine Kleingartenh\u00fctte errichtet werden. Nebengeb\u00e4ude sind nicht zul\u00e4ssig, ausgenommen eine nicht unterkellerte Ger\u00e4teh\u00fctte mit einer bebauten Fl\u00e4che von maximal 6 m\u00b2 und...","_links":{"self":[{"href":"https:\/\/kleingarten-bdf.at\/index.php\/wp-json\/wp\/v2\/pages\/62","targetHints":{"allow":["GET"]}}],"collection":[{"href":"https:\/\/kleingarten-bdf.at\/index.php\/wp-json\/wp\/v2\/pages"}],"about":[{"href":"https:\/\/kleingarten-bdf.at\/index.php\/wp-json\/wp\/v2\/types\/page"}],"author":[{"embeddable":true,"href":"https:\/\/kleingarten-bdf.at\/index.php\/wp-json\/wp\/v2\/users\/1"}],"replies":[{"embeddable":true,"href":"https:\/\/kleingarten-bdf.at\/index.php\/wp-json\/wp\/v2\/comments?post=62"}],"version-history":[{"count":6,"href":"https:\/\/kleingarten-bdf.at\/index.php\/wp-json\/wp\/v2\/pages\/62\/revisions"}],"predecessor-version":[{"id":615,"href":"https:\/\/kleingarten-bdf.at\/index.php\/wp-json\/wp\/v2\/pages\/62\/revisions\/615"}],"wp:attachment":[{"href":"https:\/\/kleingarten-bdf.at\/index.php\/wp-json\/wp\/v2\/media?parent=62"}],"curies":[{"name":"wp","href":"https:\/\/api.w.org\/{rel}","templated":true}]}}