{"id":68,"date":"2025-02-01T06:43:50","date_gmt":"2025-02-01T06:43:50","guid":{"rendered":"https:\/\/kleingarten-bdf.at\/?page_id=68"},"modified":"2025-07-23T15:51:06","modified_gmt":"2025-07-23T15:51:06","slug":"pool","status":"publish","type":"page","link":"https:\/\/kleingarten-bdf.at\/index.php\/pool\/","title":{"rendered":"Pool"},"content":{"rendered":"<div class=\"wp-block-image\">\n<figure class=\"alignright size-full is-resized\"><img loading=\"lazy\" decoding=\"async\" width=\"640\" height=\"380\" src=\"https:\/\/kleingarten-bdf.at\/wp-content\/uploads\/2025\/02\/becken.png\" alt=\"\" class=\"wp-image-462\" style=\"width:370px;height:auto\" srcset=\"https:\/\/kleingarten-bdf.at\/wp-content\/uploads\/2025\/02\/becken.png 640w, https:\/\/kleingarten-bdf.at\/wp-content\/uploads\/2025\/02\/becken-768x456.png 768w\" sizes=\"auto, (max-width: 640px) 100vw, 640px\" \/><\/figure>\n<\/div>\n\n\n<h2 class=\"wp-block-heading\">Informationen Schwimmbecken<\/h2>\n\n\n\n<p>Schwimmbecken mit einem Fassungsverm\u00f6gen von bis zu<strong> 25 m\u00b2<\/strong> sind bewilligungs-, anzeige- und meldefrei.<br><br>Unter die Regelung fallen laut\u00a0Bauordnung auch Schwimmteiche, Naturpools und Gartenteiche mit nat\u00fcrlicher Randgestaltung ohne Ver\u00e4nderung des umliegenden Gel\u00e4ndes. <br><br>Schwimmbeckenabdeckungen mit einer H\u00f6he von maximal 1,5 Metern sind erlaubt<br><br>Die dauerhafte Stromversorgung f\u00fcr Pool Umw\u00e4lzung, ist nur mit einer Photovoltaik bzw. einer Solaranlage gestattet, Kraftstoffaggregate im Dauerbetrieb oder nur zur Pool Umw\u00e4lzung, und ohne Aufsicht (keine Person im Garten) sind nicht gestattet.<\/p>\n\n\n\n<p><\/p>\n","protected":false},"excerpt":{"rendered":"<p>Informationen Schwimmbecken Schwimmbecken mit einem Fassungsverm\u00f6gen von bis zu 25 m\u00b2 sind bewilligungs-, anzeige- und meldefrei. Unter die Regelung fallen laut\u00a0Bauordnung auch Schwimmteiche, Naturpools und Gartenteiche mit nat\u00fcrlicher Randgestaltung ohne&#8230;<\/p>\n","protected":false},"author":1,"featured_media":0,"parent":0,"menu_order":0,"comment_status":"closed","ping_status":"closed","template":"","meta":{"_uag_custom_page_level_css":"","_kad_post_transparent":"","_kad_post_title":"","_kad_post_layout":"","_kad_post_sidebar_id":"","_kad_post_content_style":"","_kad_post_vertical_padding":"","_kad_post_feature":"","_kad_post_feature_position":"","_kad_post_header":false,"_kad_post_footer":false,"_kad_post_classname":"","footnotes":""},"class_list":["post-68","page","type-page","status-publish","hentry"],"yoast_head":"<!-- This site is optimized with the Yoast SEO plugin v27.5 - https:\/\/yoast.com\/product\/yoast-seo-wordpress\/ -->\n<title>Pool - Kleingartenverein Biedermannsdorf<\/title>\n<meta name=\"robots\" content=\"index, follow, max-snippet:-1, max-image-preview:large, max-video-preview:-1\" \/>\n<link rel=\"canonical\" href=\"https:\/\/kleingarten-bdf.at\/index.php\/pool\/\" \/>\n<meta property=\"og:locale\" content=\"de_DE\" \/>\n<meta property=\"og:type\" content=\"article\" \/>\n<meta property=\"og:title\" content=\"Pool - Kleingartenverein Biedermannsdorf\" \/>\n<meta property=\"og:description\" content=\"Informationen Schwimmbecken Schwimmbecken mit einem Fassungsverm\u00f6gen von bis zu 25 m\u00b2 sind bewilligungs-, anzeige- und meldefrei. Unter die Regelung fallen laut\u00a0Bauordnung auch Schwimmteiche, Naturpools und Gartenteiche mit nat\u00fcrlicher Randgestaltung ohne...\" \/>\n<meta property=\"og:url\" content=\"https:\/\/kleingarten-bdf.at\/index.php\/pool\/\" \/>\n<meta property=\"og:site_name\" content=\"Kleingartenverein Biedermannsdorf\" \/>\n<meta property=\"article:modified_time\" content=\"2025-07-23T15:51:06+00:00\" \/>\n<meta property=\"og:image\" content=\"https:\/\/kleingarten-bdf.at\/wp-content\/uploads\/2025\/02\/becken.png\" \/>\n\t<meta property=\"og:image:width\" content=\"640\" \/>\n\t<meta property=\"og:image:height\" content=\"380\" \/>\n\t<meta property=\"og:image:type\" content=\"image\/png\" \/>\n<meta name=\"twitter:card\" content=\"summary_large_image\" \/>\n<meta name=\"twitter:label1\" content=\"Gesch\u00e4tzte Lesezeit\" \/>\n\t<meta name=\"twitter:data1\" content=\"1\u00a0Minute\" \/>\n<script type=\"application\/ld+json\" class=\"yoast-schema-graph\">{\"@context\":\"https:\\\/\\\/schema.org\",\"@graph\":[{\"@type\":\"WebPage\",\"@id\":\"https:\\\/\\\/kleingarten-bdf.at\\\/index.php\\\/pool\\\/\",\"url\":\"https:\\\/\\\/kleingarten-bdf.at\\\/index.php\\\/pool\\\/\",\"name\":\"Pool - Kleingartenverein Biedermannsdorf\",\"isPartOf\":{\"@id\":\"https:\\\/\\\/kleingarten-bdf.at\\\/#website\"},\"primaryImageOfPage\":{\"@id\":\"https:\\\/\\\/kleingarten-bdf.at\\\/index.php\\\/pool\\\/#primaryimage\"},\"image\":{\"@id\":\"https:\\\/\\\/kleingarten-bdf.at\\\/index.php\\\/pool\\\/#primaryimage\"},\"thumbnailUrl\":\"https:\\\/\\\/kleingarten-bdf.at\\\/wp-content\\\/uploads\\\/2025\\\/02\\\/becken.png\",\"datePublished\":\"2025-02-01T06:43:50+00:00\",\"dateModified\":\"2025-07-23T15:51:06+00:00\",\"breadcrumb\":{\"@id\":\"https:\\\/\\\/kleingarten-bdf.at\\\/index.php\\\/pool\\\/#breadcrumb\"},\"inLanguage\":\"de\",\"potentialAction\":[{\"@type\":\"ReadAction\",\"target\":[\"https:\\\/\\\/kleingarten-bdf.at\\\/index.php\\\/pool\\\/\"]}]},{\"@type\":\"ImageObject\",\"inLanguage\":\"de\",\"@id\":\"https:\\\/\\\/kleingarten-bdf.at\\\/index.php\\\/pool\\\/#primaryimage\",\"url\":\"https:\\\/\\\/kleingarten-bdf.at\\\/wp-content\\\/uploads\\\/2025\\\/02\\\/becken.png\",\"contentUrl\":\"https:\\\/\\\/kleingarten-bdf.at\\\/wp-content\\\/uploads\\\/2025\\\/02\\\/becken.png\",\"width\":640,\"height\":380},{\"@type\":\"BreadcrumbList\",\"@id\":\"https:\\\/\\\/kleingarten-bdf.at\\\/index.php\\\/pool\\\/#breadcrumb\",\"itemListElement\":[{\"@type\":\"ListItem\",\"position\":1,\"name\":\"Startseite\",\"item\":\"https:\\\/\\\/kleingarten-bdf.at\\\/\"},{\"@type\":\"ListItem\",\"position\":2,\"name\":\"Pool\"}]},{\"@type\":\"WebSite\",\"@id\":\"https:\\\/\\\/kleingarten-bdf.at\\\/#website\",\"url\":\"https:\\\/\\\/kleingarten-bdf.at\\\/\",\"name\":\"Kleingartenverein Biedermannsdorf\",\"description\":\"\",\"publisher\":{\"@id\":\"https:\\\/\\\/kleingarten-bdf.at\\\/#organization\"},\"potentialAction\":[{\"@type\":\"SearchAction\",\"target\":{\"@type\":\"EntryPoint\",\"urlTemplate\":\"https:\\\/\\\/kleingarten-bdf.at\\\/?s={search_term_string}\"},\"query-input\":{\"@type\":\"PropertyValueSpecification\",\"valueRequired\":true,\"valueName\":\"search_term_string\"}}],\"inLanguage\":\"de\"},{\"@type\":\"Organization\",\"@id\":\"https:\\\/\\\/kleingarten-bdf.at\\\/#organization\",\"name\":\"Kleingartenverein Biedermannsdorf\",\"url\":\"https:\\\/\\\/kleingarten-bdf.at\\\/\",\"logo\":{\"@type\":\"ImageObject\",\"inLanguage\":\"de\",\"@id\":\"https:\\\/\\\/kleingarten-bdf.at\\\/#\\\/schema\\\/logo\\\/image\\\/\",\"url\":\"https:\\\/\\\/kleingarten-bdf.at\\\/wp-content\\\/uploads\\\/2025\\\/02\\\/cropped-lilie-2.png\",\"contentUrl\":\"https:\\\/\\\/kleingarten-bdf.at\\\/wp-content\\\/uploads\\\/2025\\\/02\\\/cropped-lilie-2.png\",\"width\":245,\"height\":245,\"caption\":\"Kleingartenverein Biedermannsdorf\"},\"image\":{\"@id\":\"https:\\\/\\\/kleingarten-bdf.at\\\/#\\\/schema\\\/logo\\\/image\\\/\"}}]}<\/script>\n<!-- \/ Yoast SEO plugin. -->","yoast_head_json":{"title":"Pool - Kleingartenverein Biedermannsdorf","robots":{"index":"index","follow":"follow","max-snippet":"max-snippet:-1","max-image-preview":"max-image-preview:large","max-video-preview":"max-video-preview:-1"},"canonical":"https:\/\/kleingarten-bdf.at\/index.php\/pool\/","og_locale":"de_DE","og_type":"article","og_title":"Pool - Kleingartenverein Biedermannsdorf","og_description":"Informationen Schwimmbecken Schwimmbecken mit einem Fassungsverm\u00f6gen von bis zu 25 m\u00b2 sind bewilligungs-, anzeige- und meldefrei. Unter die Regelung fallen laut\u00a0Bauordnung auch Schwimmteiche, Naturpools und Gartenteiche mit nat\u00fcrlicher Randgestaltung ohne...","og_url":"https:\/\/kleingarten-bdf.at\/index.php\/pool\/","og_site_name":"Kleingartenverein Biedermannsdorf","article_modified_time":"2025-07-23T15:51:06+00:00","og_image":[{"width":640,"height":380,"url":"https:\/\/kleingarten-bdf.at\/wp-content\/uploads\/2025\/02\/becken.png","type":"image\/png"}],"twitter_card":"summary_large_image","twitter_misc":{"Gesch\u00e4tzte Lesezeit":"1\u00a0Minute"},"schema":{"@context":"https:\/\/schema.org","@graph":[{"@type":"WebPage","@id":"https:\/\/kleingarten-bdf.at\/index.php\/pool\/","url":"https:\/\/kleingarten-bdf.at\/index.php\/pool\/","name":"Pool - Kleingartenverein Biedermannsdorf","isPartOf":{"@id":"https:\/\/kleingarten-bdf.at\/#website"},"primaryImageOfPage":{"@id":"https:\/\/kleingarten-bdf.at\/index.php\/pool\/#primaryimage"},"image":{"@id":"https:\/\/kleingarten-bdf.at\/index.php\/pool\/#primaryimage"},"thumbnailUrl":"https:\/\/kleingarten-bdf.at\/wp-content\/uploads\/2025\/02\/becken.png","datePublished":"2025-02-01T06:43:50+00:00","dateModified":"2025-07-23T15:51:06+00:00","breadcrumb":{"@id":"https:\/\/kleingarten-bdf.at\/index.php\/pool\/#breadcrumb"},"inLanguage":"de","potentialAction":[{"@type":"ReadAction","target":["https:\/\/kleingarten-bdf.at\/index.php\/pool\/"]}]},{"@type":"ImageObject","inLanguage":"de","@id":"https:\/\/kleingarten-bdf.at\/index.php\/pool\/#primaryimage","url":"https:\/\/kleingarten-bdf.at\/wp-content\/uploads\/2025\/02\/becken.png","contentUrl":"https:\/\/kleingarten-bdf.at\/wp-content\/uploads\/2025\/02\/becken.png","width":640,"height":380},{"@type":"BreadcrumbList","@id":"https:\/\/kleingarten-bdf.at\/index.php\/pool\/#breadcrumb","itemListElement":[{"@type":"ListItem","position":1,"name":"Startseite","item":"https:\/\/kleingarten-bdf.at\/"},{"@type":"ListItem","position":2,"name":"Pool"}]},{"@type":"WebSite","@id":"https:\/\/kleingarten-bdf.at\/#website","url":"https:\/\/kleingarten-bdf.at\/","name":"Kleingartenverein Biedermannsdorf","description":"","publisher":{"@id":"https:\/\/kleingarten-bdf.at\/#organization"},"potentialAction":[{"@type":"SearchAction","target":{"@type":"EntryPoint","urlTemplate":"https:\/\/kleingarten-bdf.at\/?s={search_term_string}"},"query-input":{"@type":"PropertyValueSpecification","valueRequired":true,"valueName":"search_term_string"}}],"inLanguage":"de"},{"@type":"Organization","@id":"https:\/\/kleingarten-bdf.at\/#organization","name":"Kleingartenverein Biedermannsdorf","url":"https:\/\/kleingarten-bdf.at\/","logo":{"@type":"ImageObject","inLanguage":"de","@id":"https:\/\/kleingarten-bdf.at\/#\/schema\/logo\/image\/","url":"https:\/\/kleingarten-bdf.at\/wp-content\/uploads\/2025\/02\/cropped-lilie-2.png","contentUrl":"https:\/\/kleingarten-bdf.at\/wp-content\/uploads\/2025\/02\/cropped-lilie-2.png","width":245,"height":245,"caption":"Kleingartenverein Biedermannsdorf"},"image":{"@id":"https:\/\/kleingarten-bdf.at\/#\/schema\/logo\/image\/"}}]}},"uagb_featured_image_src":{"full":false,"thumbnail":false,"medium":false,"medium_large":false,"large":false,"1536x1536":false,"2048x2048":false},"uagb_author_info":{"display_name":"admin","author_link":"https:\/\/kleingarten-bdf.at\/index.php\/author\/admin_garten\/"},"uagb_comment_info":0,"uagb_excerpt":"Informationen Schwimmbecken Schwimmbecken mit einem Fassungsverm\u00f6gen von bis zu 25 m\u00b2 sind bewilligungs-, anzeige- und meldefrei. Unter die Regelung fallen laut\u00a0Bauordnung auch Schwimmteiche, Naturpools und Gartenteiche mit nat\u00fcrlicher Randgestaltung ohne...","_links":{"self":[{"href":"https:\/\/kleingarten-bdf.at\/index.php\/wp-json\/wp\/v2\/pages\/68","targetHints":{"allow":["GET"]}}],"collection":[{"href":"https:\/\/kleingarten-bdf.at\/index.php\/wp-json\/wp\/v2\/pages"}],"about":[{"href":"https:\/\/kleingarten-bdf.at\/index.php\/wp-json\/wp\/v2\/types\/page"}],"author":[{"embeddable":true,"href":"https:\/\/kleingarten-bdf.at\/index.php\/wp-json\/wp\/v2\/users\/1"}],"replies":[{"embeddable":true,"href":"https:\/\/kleingarten-bdf.at\/index.php\/wp-json\/wp\/v2\/comments?post=68"}],"version-history":[{"count":4,"href":"https:\/\/kleingarten-bdf.at\/index.php\/wp-json\/wp\/v2\/pages\/68\/revisions"}],"predecessor-version":[{"id":645,"href":"https:\/\/kleingarten-bdf.at\/index.php\/wp-json\/wp\/v2\/pages\/68\/revisions\/645"}],"wp:attachment":[{"href":"https:\/\/kleingarten-bdf.at\/index.php\/wp-json\/wp\/v2\/media?parent=68"}],"curies":[{"name":"wp","href":"https:\/\/api.w.org\/{rel}","templated":true}]}}