{"id":70,"date":"2025-02-01T06:44:07","date_gmt":"2025-02-01T06:44:07","guid":{"rendered":"https:\/\/kleingarten-bdf.at\/?page_id=70"},"modified":"2025-02-21T09:59:23","modified_gmt":"2025-02-21T09:59:23","slug":"pv-anlage","status":"publish","type":"page","link":"https:\/\/kleingarten-bdf.at\/index.php\/pv-anlage\/","title":{"rendered":"PV-Anlage"},"content":{"rendered":"<div class=\"wp-block-image\">\n<figure class=\"alignright size-full is-resized\"><img loading=\"lazy\" decoding=\"async\" width=\"350\" height=\"233\" src=\"https:\/\/kleingarten-bdf.at\/wp-content\/uploads\/2025\/02\/pv.png\" alt=\"\" class=\"wp-image-470\" style=\"width:370px;height:auto\" srcset=\"https:\/\/kleingarten-bdf.at\/wp-content\/uploads\/2025\/02\/pv.png 350w, https:\/\/kleingarten-bdf.at\/wp-content\/uploads\/2025\/02\/pv-768x511.png 768w\" sizes=\"auto, (max-width: 350px) 100vw, 350px\" \/><\/figure>\n<\/div>\n\n\n<h2 class=\"wp-block-heading\">Informationen f\u00fcr Errichtung einer PV-Anlage<\/h2>\n\n\n\n<p>Die Errichtung einer Insel-Photovoltaikanlageist grunds\u00e4tzlich erlaubt. Dennoch sind folgende Punkte zu beachten:<\/p>\n\n\n\n<ol class=\"wp-block-list\">\n<li><strong>Baurechtliche Bestimmungen: <\/strong>Gem\u00e4\u00df der Nieder\u00f6sterreichischen Bauordnung 2014 (N\u00d6 BO 2014) sind bestimmte Photovoltaikanlagen bewilligungs-, anzeige- und meldefrei. Dies gilt insbesondere f\u00fcr Anlagen, die nicht in Schutzzonen oder erhaltungsw\u00fcrdigen Altortgebieten errichtet werden und deren Engpassleistung bestimmte Grenzwerte nicht \u00fcberschreitet. F\u00fcr detaillierte Informationen empfiehlt es sich, den N\u00d6 Photovoltaik-Leitfaden zu konsultieren.<br><\/li>\n\n\n\n<li><strong>Elektrizit\u00e4tsrechtliche Vorschriften:<\/strong> Das Nieder\u00f6sterreichische Elektrizit\u00e4tswesengesetz 2005 (N\u00d6 ElWG 2005) regelt die Genehmigungspflichten f\u00fcr Photovoltaikanlagen. Anlagen mit einer Modulspitzenleistung von h\u00f6chstens 1 MWpeak sind elektrizit\u00e4tsrechtlich genehmigungsfrei, sofern sie von einem befugten Fachunternehmen errichtet werden. Bei Inselanlagen, die nicht ans \u00f6ffentliche Netz angeschlossen sind, k\u00f6nnen andere Regelungen gelten. Es ist daher ratsam, die spezifischen Bestimmungen des N\u00d6 ElWG 2005 zu pr\u00fcfen.<br><\/li>\n\n\n\n<li><strong>Kleingartengesetz und Gartenordnung:<\/strong> Es muss sichergestellt sein, dass die Installation den allgemeinen Vorschriften des Nieder\u00f6sterreichischen Kleingartengesetzes entspricht. Dieses Gesetz legt fest, dass Kleing\u00e4rten prim\u00e4r der kleing\u00e4rtnerischen Nutzung und Erholung dienen und nicht f\u00fcr erwerbsm\u00e4\u00dfige g\u00e4rtnerische Zwecke verwendet werden d\u00fcrfen. Die Installation einer Photovoltaikanlage sollte daher den Charakter des Kleingartens nicht ver\u00e4ndern oder beeintr\u00e4chtigen. Eine Photovoltaikanlage <strong>direkt auf dem Rasen ist verboten.<\/strong><\/li>\n<\/ol>\n\n\n\n<p>Auch wenn derzeit keine Einschr\u00e4nkungen bestehen, ist es empfehlenswert, die geplante Installation mit dem Vorstand abzustimmen. So stellen Sie sicher, dass keine zuk\u00fcnftigen Konflikte entstehen und alle Vereinsmitglieder informiert sind.<\/p>\n\n\n\n<p><\/p>\n","protected":false},"excerpt":{"rendered":"<p>Informationen f\u00fcr Errichtung einer PV-Anlage Die Errichtung einer Insel-Photovoltaikanlageist grunds\u00e4tzlich erlaubt. Dennoch sind folgende Punkte zu beachten: Auch wenn derzeit keine Einschr\u00e4nkungen bestehen, ist es empfehlenswert, die geplante Installation mit&#8230;<\/p>\n","protected":false},"author":1,"featured_media":0,"parent":0,"menu_order":0,"comment_status":"closed","ping_status":"closed","template":"","meta":{"_uag_custom_page_level_css":"","_kad_post_transparent":"","_kad_post_title":"","_kad_post_layout":"","_kad_post_sidebar_id":"","_kad_post_content_style":"","_kad_post_vertical_padding":"","_kad_post_feature":"","_kad_post_feature_position":"","_kad_post_header":false,"_kad_post_footer":false,"_kad_post_classname":"","footnotes":""},"class_list":["post-70","page","type-page","status-publish","hentry"],"yoast_head":"<!-- This site is optimized with the Yoast SEO plugin v27.5 - https:\/\/yoast.com\/product\/yoast-seo-wordpress\/ -->\n<title>PV-Anlage - Kleingartenverein Biedermannsdorf<\/title>\n<meta name=\"robots\" content=\"index, follow, max-snippet:-1, max-image-preview:large, max-video-preview:-1\" \/>\n<link rel=\"canonical\" href=\"https:\/\/kleingarten-bdf.at\/index.php\/pv-anlage\/\" \/>\n<meta property=\"og:locale\" content=\"de_DE\" \/>\n<meta property=\"og:type\" content=\"article\" \/>\n<meta property=\"og:title\" content=\"PV-Anlage - Kleingartenverein Biedermannsdorf\" \/>\n<meta property=\"og:description\" content=\"Informationen f\u00fcr Errichtung einer PV-Anlage Die Errichtung einer Insel-Photovoltaikanlageist grunds\u00e4tzlich erlaubt. Dennoch sind folgende Punkte zu beachten: Auch wenn derzeit keine Einschr\u00e4nkungen bestehen, ist es empfehlenswert, die geplante Installation mit...\" \/>\n<meta property=\"og:url\" content=\"https:\/\/kleingarten-bdf.at\/index.php\/pv-anlage\/\" \/>\n<meta property=\"og:site_name\" content=\"Kleingartenverein Biedermannsdorf\" \/>\n<meta property=\"article:modified_time\" content=\"2025-02-21T09:59:23+00:00\" \/>\n<meta property=\"og:image\" content=\"https:\/\/kleingarten-bdf.at\/wp-content\/uploads\/2025\/02\/pv.png\" \/>\n\t<meta property=\"og:image:width\" content=\"350\" \/>\n\t<meta property=\"og:image:height\" content=\"233\" \/>\n\t<meta property=\"og:image:type\" content=\"image\/png\" \/>\n<meta name=\"twitter:card\" content=\"summary_large_image\" \/>\n<meta name=\"twitter:label1\" content=\"Gesch\u00e4tzte Lesezeit\" \/>\n\t<meta name=\"twitter:data1\" content=\"2\u00a0Minuten\" \/>\n<script type=\"application\/ld+json\" class=\"yoast-schema-graph\">{\"@context\":\"https:\\\/\\\/schema.org\",\"@graph\":[{\"@type\":\"WebPage\",\"@id\":\"https:\\\/\\\/kleingarten-bdf.at\\\/index.php\\\/pv-anlage\\\/\",\"url\":\"https:\\\/\\\/kleingarten-bdf.at\\\/index.php\\\/pv-anlage\\\/\",\"name\":\"PV-Anlage - Kleingartenverein Biedermannsdorf\",\"isPartOf\":{\"@id\":\"https:\\\/\\\/kleingarten-bdf.at\\\/#website\"},\"primaryImageOfPage\":{\"@id\":\"https:\\\/\\\/kleingarten-bdf.at\\\/index.php\\\/pv-anlage\\\/#primaryimage\"},\"image\":{\"@id\":\"https:\\\/\\\/kleingarten-bdf.at\\\/index.php\\\/pv-anlage\\\/#primaryimage\"},\"thumbnailUrl\":\"https:\\\/\\\/kleingarten-bdf.at\\\/wp-content\\\/uploads\\\/2025\\\/02\\\/pv.png\",\"datePublished\":\"2025-02-01T06:44:07+00:00\",\"dateModified\":\"2025-02-21T09:59:23+00:00\",\"breadcrumb\":{\"@id\":\"https:\\\/\\\/kleingarten-bdf.at\\\/index.php\\\/pv-anlage\\\/#breadcrumb\"},\"inLanguage\":\"de\",\"potentialAction\":[{\"@type\":\"ReadAction\",\"target\":[\"https:\\\/\\\/kleingarten-bdf.at\\\/index.php\\\/pv-anlage\\\/\"]}]},{\"@type\":\"ImageObject\",\"inLanguage\":\"de\",\"@id\":\"https:\\\/\\\/kleingarten-bdf.at\\\/index.php\\\/pv-anlage\\\/#primaryimage\",\"url\":\"https:\\\/\\\/kleingarten-bdf.at\\\/wp-content\\\/uploads\\\/2025\\\/02\\\/pv.png\",\"contentUrl\":\"https:\\\/\\\/kleingarten-bdf.at\\\/wp-content\\\/uploads\\\/2025\\\/02\\\/pv.png\",\"width\":350,\"height\":233},{\"@type\":\"BreadcrumbList\",\"@id\":\"https:\\\/\\\/kleingarten-bdf.at\\\/index.php\\\/pv-anlage\\\/#breadcrumb\",\"itemListElement\":[{\"@type\":\"ListItem\",\"position\":1,\"name\":\"Startseite\",\"item\":\"https:\\\/\\\/kleingarten-bdf.at\\\/\"},{\"@type\":\"ListItem\",\"position\":2,\"name\":\"PV-Anlage\"}]},{\"@type\":\"WebSite\",\"@id\":\"https:\\\/\\\/kleingarten-bdf.at\\\/#website\",\"url\":\"https:\\\/\\\/kleingarten-bdf.at\\\/\",\"name\":\"Kleingartenverein Biedermannsdorf\",\"description\":\"\",\"publisher\":{\"@id\":\"https:\\\/\\\/kleingarten-bdf.at\\\/#organization\"},\"potentialAction\":[{\"@type\":\"SearchAction\",\"target\":{\"@type\":\"EntryPoint\",\"urlTemplate\":\"https:\\\/\\\/kleingarten-bdf.at\\\/?s={search_term_string}\"},\"query-input\":{\"@type\":\"PropertyValueSpecification\",\"valueRequired\":true,\"valueName\":\"search_term_string\"}}],\"inLanguage\":\"de\"},{\"@type\":\"Organization\",\"@id\":\"https:\\\/\\\/kleingarten-bdf.at\\\/#organization\",\"name\":\"Kleingartenverein Biedermannsdorf\",\"url\":\"https:\\\/\\\/kleingarten-bdf.at\\\/\",\"logo\":{\"@type\":\"ImageObject\",\"inLanguage\":\"de\",\"@id\":\"https:\\\/\\\/kleingarten-bdf.at\\\/#\\\/schema\\\/logo\\\/image\\\/\",\"url\":\"https:\\\/\\\/kleingarten-bdf.at\\\/wp-content\\\/uploads\\\/2025\\\/02\\\/cropped-lilie-2.png\",\"contentUrl\":\"https:\\\/\\\/kleingarten-bdf.at\\\/wp-content\\\/uploads\\\/2025\\\/02\\\/cropped-lilie-2.png\",\"width\":245,\"height\":245,\"caption\":\"Kleingartenverein Biedermannsdorf\"},\"image\":{\"@id\":\"https:\\\/\\\/kleingarten-bdf.at\\\/#\\\/schema\\\/logo\\\/image\\\/\"}}]}<\/script>\n<!-- \/ Yoast SEO plugin. -->","yoast_head_json":{"title":"PV-Anlage - Kleingartenverein Biedermannsdorf","robots":{"index":"index","follow":"follow","max-snippet":"max-snippet:-1","max-image-preview":"max-image-preview:large","max-video-preview":"max-video-preview:-1"},"canonical":"https:\/\/kleingarten-bdf.at\/index.php\/pv-anlage\/","og_locale":"de_DE","og_type":"article","og_title":"PV-Anlage - Kleingartenverein Biedermannsdorf","og_description":"Informationen f\u00fcr Errichtung einer PV-Anlage Die Errichtung einer Insel-Photovoltaikanlageist grunds\u00e4tzlich erlaubt. Dennoch sind folgende Punkte zu beachten: Auch wenn derzeit keine Einschr\u00e4nkungen bestehen, ist es empfehlenswert, die geplante Installation mit...","og_url":"https:\/\/kleingarten-bdf.at\/index.php\/pv-anlage\/","og_site_name":"Kleingartenverein Biedermannsdorf","article_modified_time":"2025-02-21T09:59:23+00:00","og_image":[{"width":350,"height":233,"url":"https:\/\/kleingarten-bdf.at\/wp-content\/uploads\/2025\/02\/pv.png","type":"image\/png"}],"twitter_card":"summary_large_image","twitter_misc":{"Gesch\u00e4tzte Lesezeit":"2\u00a0Minuten"},"schema":{"@context":"https:\/\/schema.org","@graph":[{"@type":"WebPage","@id":"https:\/\/kleingarten-bdf.at\/index.php\/pv-anlage\/","url":"https:\/\/kleingarten-bdf.at\/index.php\/pv-anlage\/","name":"PV-Anlage - Kleingartenverein Biedermannsdorf","isPartOf":{"@id":"https:\/\/kleingarten-bdf.at\/#website"},"primaryImageOfPage":{"@id":"https:\/\/kleingarten-bdf.at\/index.php\/pv-anlage\/#primaryimage"},"image":{"@id":"https:\/\/kleingarten-bdf.at\/index.php\/pv-anlage\/#primaryimage"},"thumbnailUrl":"https:\/\/kleingarten-bdf.at\/wp-content\/uploads\/2025\/02\/pv.png","datePublished":"2025-02-01T06:44:07+00:00","dateModified":"2025-02-21T09:59:23+00:00","breadcrumb":{"@id":"https:\/\/kleingarten-bdf.at\/index.php\/pv-anlage\/#breadcrumb"},"inLanguage":"de","potentialAction":[{"@type":"ReadAction","target":["https:\/\/kleingarten-bdf.at\/index.php\/pv-anlage\/"]}]},{"@type":"ImageObject","inLanguage":"de","@id":"https:\/\/kleingarten-bdf.at\/index.php\/pv-anlage\/#primaryimage","url":"https:\/\/kleingarten-bdf.at\/wp-content\/uploads\/2025\/02\/pv.png","contentUrl":"https:\/\/kleingarten-bdf.at\/wp-content\/uploads\/2025\/02\/pv.png","width":350,"height":233},{"@type":"BreadcrumbList","@id":"https:\/\/kleingarten-bdf.at\/index.php\/pv-anlage\/#breadcrumb","itemListElement":[{"@type":"ListItem","position":1,"name":"Startseite","item":"https:\/\/kleingarten-bdf.at\/"},{"@type":"ListItem","position":2,"name":"PV-Anlage"}]},{"@type":"WebSite","@id":"https:\/\/kleingarten-bdf.at\/#website","url":"https:\/\/kleingarten-bdf.at\/","name":"Kleingartenverein Biedermannsdorf","description":"","publisher":{"@id":"https:\/\/kleingarten-bdf.at\/#organization"},"potentialAction":[{"@type":"SearchAction","target":{"@type":"EntryPoint","urlTemplate":"https:\/\/kleingarten-bdf.at\/?s={search_term_string}"},"query-input":{"@type":"PropertyValueSpecification","valueRequired":true,"valueName":"search_term_string"}}],"inLanguage":"de"},{"@type":"Organization","@id":"https:\/\/kleingarten-bdf.at\/#organization","name":"Kleingartenverein Biedermannsdorf","url":"https:\/\/kleingarten-bdf.at\/","logo":{"@type":"ImageObject","inLanguage":"de","@id":"https:\/\/kleingarten-bdf.at\/#\/schema\/logo\/image\/","url":"https:\/\/kleingarten-bdf.at\/wp-content\/uploads\/2025\/02\/cropped-lilie-2.png","contentUrl":"https:\/\/kleingarten-bdf.at\/wp-content\/uploads\/2025\/02\/cropped-lilie-2.png","width":245,"height":245,"caption":"Kleingartenverein Biedermannsdorf"},"image":{"@id":"https:\/\/kleingarten-bdf.at\/#\/schema\/logo\/image\/"}}]}},"uagb_featured_image_src":{"full":false,"thumbnail":false,"medium":false,"medium_large":false,"large":false,"1536x1536":false,"2048x2048":false},"uagb_author_info":{"display_name":"admin","author_link":"https:\/\/kleingarten-bdf.at\/index.php\/author\/admin_garten\/"},"uagb_comment_info":0,"uagb_excerpt":"Informationen f\u00fcr Errichtung einer PV-Anlage Die Errichtung einer Insel-Photovoltaikanlageist grunds\u00e4tzlich erlaubt. Dennoch sind folgende Punkte zu beachten: Auch wenn derzeit keine Einschr\u00e4nkungen bestehen, ist es empfehlenswert, die geplante Installation mit...","_links":{"self":[{"href":"https:\/\/kleingarten-bdf.at\/index.php\/wp-json\/wp\/v2\/pages\/70","targetHints":{"allow":["GET"]}}],"collection":[{"href":"https:\/\/kleingarten-bdf.at\/index.php\/wp-json\/wp\/v2\/pages"}],"about":[{"href":"https:\/\/kleingarten-bdf.at\/index.php\/wp-json\/wp\/v2\/types\/page"}],"author":[{"embeddable":true,"href":"https:\/\/kleingarten-bdf.at\/index.php\/wp-json\/wp\/v2\/users\/1"}],"replies":[{"embeddable":true,"href":"https:\/\/kleingarten-bdf.at\/index.php\/wp-json\/wp\/v2\/comments?post=70"}],"version-history":[{"count":2,"href":"https:\/\/kleingarten-bdf.at\/index.php\/wp-json\/wp\/v2\/pages\/70\/revisions"}],"predecessor-version":[{"id":471,"href":"https:\/\/kleingarten-bdf.at\/index.php\/wp-json\/wp\/v2\/pages\/70\/revisions\/471"}],"wp:attachment":[{"href":"https:\/\/kleingarten-bdf.at\/index.php\/wp-json\/wp\/v2\/media?parent=70"}],"curies":[{"name":"wp","href":"https:\/\/api.w.org\/{rel}","templated":true}]}}