{"id":86,"date":"2025-02-01T06:47:35","date_gmt":"2025-02-01T06:47:35","guid":{"rendered":"https:\/\/kleingarten-bdf.at\/?page_id=86"},"modified":"2025-02-04T09:51:45","modified_gmt":"2025-02-04T09:51:45","slug":"ris","status":"publish","type":"page","link":"https:\/\/kleingarten-bdf.at\/index.php\/ris\/","title":{"rendered":"RIS"},"content":{"rendered":"<div class=\"wp-block-image\">\n<figure class=\"alignright size-large is-resized\"><a href=\"https:\/\/www.ris.bka.gv.at\/\" target=\"_blank\" rel=\" noreferrer noopener\"><img loading=\"lazy\" decoding=\"async\" width=\"1024\" height=\"1024\" src=\"https:\/\/kleingarten-bdf.at\/wp-content\/uploads\/2025\/02\/RIS-1024x1024.png\" alt=\"\" class=\"wp-image-331\" style=\"aspect-ratio:1;object-fit:cover;width:200px\" srcset=\"https:\/\/kleingarten-bdf.at\/wp-content\/uploads\/2025\/02\/RIS-1024x1024.png 1024w, https:\/\/kleingarten-bdf.at\/wp-content\/uploads\/2025\/02\/RIS-300x300.png 300w, https:\/\/kleingarten-bdf.at\/wp-content\/uploads\/2025\/02\/RIS-150x150.png 150w, https:\/\/kleingarten-bdf.at\/wp-content\/uploads\/2025\/02\/RIS-768x768.png 768w, https:\/\/kleingarten-bdf.at\/wp-content\/uploads\/2025\/02\/RIS-1536x1536.png 1536w, https:\/\/kleingarten-bdf.at\/wp-content\/uploads\/2025\/02\/RIS-2048x2048.png 2048w, https:\/\/kleingarten-bdf.at\/wp-content\/uploads\/2025\/02\/RIS.png 480w\" sizes=\"auto, (max-width: 1024px) 100vw, 1024px\" \/><\/a><\/figure>\n<\/div>\n\n\n<p>Das&nbsp;<strong>Rechtsinformationssystem<\/strong>&nbsp;des Bundes (RIS) ist eine vom Bundeskanzleramt betriebene elektronische Datenbank.<\/p>\n\n\n\n<p>Sie dient der Kundmachung der im Bundesgesetzblatt zu verlautbarenden Rechtsvorschriften sowie der Information \u00fcber das Recht der Republik \u00d6sterreich.<\/p>\n\n\n\n<p>\u00dcber den&nbsp;<strong>Link rechts im Bild<\/strong>, gelangen Sie direkt zu den original Gesetzestexten.<\/p>\n\n\n\n<p><\/p>\n","protected":false},"excerpt":{"rendered":"<p>Das&nbsp;Rechtsinformationssystem&nbsp;des Bundes (RIS) ist eine vom Bundeskanzleramt betriebene elektronische Datenbank. Sie dient der Kundmachung der im Bundesgesetzblatt zu verlautbarenden Rechtsvorschriften sowie der Information \u00fcber das Recht der Republik \u00d6sterreich. \u00dcber&#8230;<\/p>\n","protected":false},"author":1,"featured_media":0,"parent":0,"menu_order":0,"comment_status":"closed","ping_status":"closed","template":"","meta":{"_uag_custom_page_level_css":"","_kad_post_transparent":"","_kad_post_title":"","_kad_post_layout":"","_kad_post_sidebar_id":"","_kad_post_content_style":"","_kad_post_vertical_padding":"","_kad_post_feature":"","_kad_post_feature_position":"","_kad_post_header":false,"_kad_post_footer":false,"_kad_post_classname":"","footnotes":""},"class_list":["post-86","page","type-page","status-publish","hentry"],"yoast_head":"<!-- This site is optimized with the Yoast SEO plugin v27.5 - https:\/\/yoast.com\/product\/yoast-seo-wordpress\/ -->\n<title>RIS - Kleingartenverein Biedermannsdorf<\/title>\n<meta name=\"robots\" content=\"index, follow, max-snippet:-1, max-image-preview:large, max-video-preview:-1\" \/>\n<link rel=\"canonical\" href=\"https:\/\/kleingarten-bdf.at\/index.php\/ris\/\" \/>\n<meta property=\"og:locale\" content=\"de_DE\" \/>\n<meta property=\"og:type\" content=\"article\" \/>\n<meta property=\"og:title\" content=\"RIS - Kleingartenverein Biedermannsdorf\" \/>\n<meta property=\"og:description\" content=\"Das&nbsp;Rechtsinformationssystem&nbsp;des Bundes (RIS) ist eine vom Bundeskanzleramt betriebene elektronische Datenbank. Sie dient der Kundmachung der im Bundesgesetzblatt zu verlautbarenden Rechtsvorschriften sowie der Information \u00fcber das Recht der Republik \u00d6sterreich. \u00dcber...\" \/>\n<meta property=\"og:url\" content=\"https:\/\/kleingarten-bdf.at\/index.php\/ris\/\" \/>\n<meta property=\"og:site_name\" content=\"Kleingartenverein Biedermannsdorf\" \/>\n<meta property=\"article:modified_time\" content=\"2025-02-04T09:51:45+00:00\" \/>\n<meta property=\"og:image\" content=\"https:\/\/kleingarten-bdf.at\/wp-content\/uploads\/2025\/02\/RIS.png\" \/>\n\t<meta property=\"og:image:width\" content=\"480\" \/>\n\t<meta property=\"og:image:height\" content=\"480\" \/>\n\t<meta property=\"og:image:type\" content=\"image\/png\" \/>\n<meta name=\"twitter:card\" content=\"summary_large_image\" \/>\n<meta name=\"twitter:label1\" content=\"Gesch\u00e4tzte Lesezeit\" \/>\n\t<meta name=\"twitter:data1\" content=\"1\u00a0Minute\" \/>\n<script type=\"application\/ld+json\" class=\"yoast-schema-graph\">{\"@context\":\"https:\\\/\\\/schema.org\",\"@graph\":[{\"@type\":\"WebPage\",\"@id\":\"https:\\\/\\\/kleingarten-bdf.at\\\/index.php\\\/ris\\\/\",\"url\":\"https:\\\/\\\/kleingarten-bdf.at\\\/index.php\\\/ris\\\/\",\"name\":\"RIS - Kleingartenverein Biedermannsdorf\",\"isPartOf\":{\"@id\":\"https:\\\/\\\/kleingarten-bdf.at\\\/#website\"},\"primaryImageOfPage\":{\"@id\":\"https:\\\/\\\/kleingarten-bdf.at\\\/index.php\\\/ris\\\/#primaryimage\"},\"image\":{\"@id\":\"https:\\\/\\\/kleingarten-bdf.at\\\/index.php\\\/ris\\\/#primaryimage\"},\"thumbnailUrl\":\"https:\\\/\\\/kleingarten-bdf.at\\\/wp-content\\\/uploads\\\/2025\\\/02\\\/RIS-1024x1024.png\",\"datePublished\":\"2025-02-01T06:47:35+00:00\",\"dateModified\":\"2025-02-04T09:51:45+00:00\",\"breadcrumb\":{\"@id\":\"https:\\\/\\\/kleingarten-bdf.at\\\/index.php\\\/ris\\\/#breadcrumb\"},\"inLanguage\":\"de\",\"potentialAction\":[{\"@type\":\"ReadAction\",\"target\":[\"https:\\\/\\\/kleingarten-bdf.at\\\/index.php\\\/ris\\\/\"]}]},{\"@type\":\"ImageObject\",\"inLanguage\":\"de\",\"@id\":\"https:\\\/\\\/kleingarten-bdf.at\\\/index.php\\\/ris\\\/#primaryimage\",\"url\":\"https:\\\/\\\/kleingarten-bdf.at\\\/wp-content\\\/uploads\\\/2025\\\/02\\\/RIS.png\",\"contentUrl\":\"https:\\\/\\\/kleingarten-bdf.at\\\/wp-content\\\/uploads\\\/2025\\\/02\\\/RIS.png\",\"width\":480,\"height\":480},{\"@type\":\"BreadcrumbList\",\"@id\":\"https:\\\/\\\/kleingarten-bdf.at\\\/index.php\\\/ris\\\/#breadcrumb\",\"itemListElement\":[{\"@type\":\"ListItem\",\"position\":1,\"name\":\"Startseite\",\"item\":\"https:\\\/\\\/kleingarten-bdf.at\\\/\"},{\"@type\":\"ListItem\",\"position\":2,\"name\":\"RIS\"}]},{\"@type\":\"WebSite\",\"@id\":\"https:\\\/\\\/kleingarten-bdf.at\\\/#website\",\"url\":\"https:\\\/\\\/kleingarten-bdf.at\\\/\",\"name\":\"Kleingartenverein Biedermannsdorf\",\"description\":\"\",\"publisher\":{\"@id\":\"https:\\\/\\\/kleingarten-bdf.at\\\/#organization\"},\"potentialAction\":[{\"@type\":\"SearchAction\",\"target\":{\"@type\":\"EntryPoint\",\"urlTemplate\":\"https:\\\/\\\/kleingarten-bdf.at\\\/?s={search_term_string}\"},\"query-input\":{\"@type\":\"PropertyValueSpecification\",\"valueRequired\":true,\"valueName\":\"search_term_string\"}}],\"inLanguage\":\"de\"},{\"@type\":\"Organization\",\"@id\":\"https:\\\/\\\/kleingarten-bdf.at\\\/#organization\",\"name\":\"Kleingartenverein Biedermannsdorf\",\"url\":\"https:\\\/\\\/kleingarten-bdf.at\\\/\",\"logo\":{\"@type\":\"ImageObject\",\"inLanguage\":\"de\",\"@id\":\"https:\\\/\\\/kleingarten-bdf.at\\\/#\\\/schema\\\/logo\\\/image\\\/\",\"url\":\"https:\\\/\\\/kleingarten-bdf.at\\\/wp-content\\\/uploads\\\/2025\\\/02\\\/cropped-lilie-2.png\",\"contentUrl\":\"https:\\\/\\\/kleingarten-bdf.at\\\/wp-content\\\/uploads\\\/2025\\\/02\\\/cropped-lilie-2.png\",\"width\":245,\"height\":245,\"caption\":\"Kleingartenverein Biedermannsdorf\"},\"image\":{\"@id\":\"https:\\\/\\\/kleingarten-bdf.at\\\/#\\\/schema\\\/logo\\\/image\\\/\"}}]}<\/script>\n<!-- \/ Yoast SEO plugin. -->","yoast_head_json":{"title":"RIS - Kleingartenverein Biedermannsdorf","robots":{"index":"index","follow":"follow","max-snippet":"max-snippet:-1","max-image-preview":"max-image-preview:large","max-video-preview":"max-video-preview:-1"},"canonical":"https:\/\/kleingarten-bdf.at\/index.php\/ris\/","og_locale":"de_DE","og_type":"article","og_title":"RIS - Kleingartenverein Biedermannsdorf","og_description":"Das&nbsp;Rechtsinformationssystem&nbsp;des Bundes (RIS) ist eine vom Bundeskanzleramt betriebene elektronische Datenbank. Sie dient der Kundmachung der im Bundesgesetzblatt zu verlautbarenden Rechtsvorschriften sowie der Information \u00fcber das Recht der Republik \u00d6sterreich. \u00dcber...","og_url":"https:\/\/kleingarten-bdf.at\/index.php\/ris\/","og_site_name":"Kleingartenverein Biedermannsdorf","article_modified_time":"2025-02-04T09:51:45+00:00","og_image":[{"width":480,"height":480,"url":"https:\/\/kleingarten-bdf.at\/wp-content\/uploads\/2025\/02\/RIS.png","type":"image\/png"}],"twitter_card":"summary_large_image","twitter_misc":{"Gesch\u00e4tzte Lesezeit":"1\u00a0Minute"},"schema":{"@context":"https:\/\/schema.org","@graph":[{"@type":"WebPage","@id":"https:\/\/kleingarten-bdf.at\/index.php\/ris\/","url":"https:\/\/kleingarten-bdf.at\/index.php\/ris\/","name":"RIS - Kleingartenverein Biedermannsdorf","isPartOf":{"@id":"https:\/\/kleingarten-bdf.at\/#website"},"primaryImageOfPage":{"@id":"https:\/\/kleingarten-bdf.at\/index.php\/ris\/#primaryimage"},"image":{"@id":"https:\/\/kleingarten-bdf.at\/index.php\/ris\/#primaryimage"},"thumbnailUrl":"https:\/\/kleingarten-bdf.at\/wp-content\/uploads\/2025\/02\/RIS-1024x1024.png","datePublished":"2025-02-01T06:47:35+00:00","dateModified":"2025-02-04T09:51:45+00:00","breadcrumb":{"@id":"https:\/\/kleingarten-bdf.at\/index.php\/ris\/#breadcrumb"},"inLanguage":"de","potentialAction":[{"@type":"ReadAction","target":["https:\/\/kleingarten-bdf.at\/index.php\/ris\/"]}]},{"@type":"ImageObject","inLanguage":"de","@id":"https:\/\/kleingarten-bdf.at\/index.php\/ris\/#primaryimage","url":"https:\/\/kleingarten-bdf.at\/wp-content\/uploads\/2025\/02\/RIS.png","contentUrl":"https:\/\/kleingarten-bdf.at\/wp-content\/uploads\/2025\/02\/RIS.png","width":480,"height":480},{"@type":"BreadcrumbList","@id":"https:\/\/kleingarten-bdf.at\/index.php\/ris\/#breadcrumb","itemListElement":[{"@type":"ListItem","position":1,"name":"Startseite","item":"https:\/\/kleingarten-bdf.at\/"},{"@type":"ListItem","position":2,"name":"RIS"}]},{"@type":"WebSite","@id":"https:\/\/kleingarten-bdf.at\/#website","url":"https:\/\/kleingarten-bdf.at\/","name":"Kleingartenverein Biedermannsdorf","description":"","publisher":{"@id":"https:\/\/kleingarten-bdf.at\/#organization"},"potentialAction":[{"@type":"SearchAction","target":{"@type":"EntryPoint","urlTemplate":"https:\/\/kleingarten-bdf.at\/?s={search_term_string}"},"query-input":{"@type":"PropertyValueSpecification","valueRequired":true,"valueName":"search_term_string"}}],"inLanguage":"de"},{"@type":"Organization","@id":"https:\/\/kleingarten-bdf.at\/#organization","name":"Kleingartenverein Biedermannsdorf","url":"https:\/\/kleingarten-bdf.at\/","logo":{"@type":"ImageObject","inLanguage":"de","@id":"https:\/\/kleingarten-bdf.at\/#\/schema\/logo\/image\/","url":"https:\/\/kleingarten-bdf.at\/wp-content\/uploads\/2025\/02\/cropped-lilie-2.png","contentUrl":"https:\/\/kleingarten-bdf.at\/wp-content\/uploads\/2025\/02\/cropped-lilie-2.png","width":245,"height":245,"caption":"Kleingartenverein Biedermannsdorf"},"image":{"@id":"https:\/\/kleingarten-bdf.at\/#\/schema\/logo\/image\/"}}]}},"uagb_featured_image_src":{"full":false,"thumbnail":false,"medium":false,"medium_large":false,"large":false,"1536x1536":false,"2048x2048":false},"uagb_author_info":{"display_name":"admin","author_link":"https:\/\/kleingarten-bdf.at\/index.php\/author\/admin_garten\/"},"uagb_comment_info":0,"uagb_excerpt":"Das&nbsp;Rechtsinformationssystem&nbsp;des Bundes (RIS) ist eine vom Bundeskanzleramt betriebene elektronische Datenbank. Sie dient der Kundmachung der im Bundesgesetzblatt zu verlautbarenden Rechtsvorschriften sowie der Information \u00fcber das Recht der Republik \u00d6sterreich. \u00dcber...","_links":{"self":[{"href":"https:\/\/kleingarten-bdf.at\/index.php\/wp-json\/wp\/v2\/pages\/86","targetHints":{"allow":["GET"]}}],"collection":[{"href":"https:\/\/kleingarten-bdf.at\/index.php\/wp-json\/wp\/v2\/pages"}],"about":[{"href":"https:\/\/kleingarten-bdf.at\/index.php\/wp-json\/wp\/v2\/types\/page"}],"author":[{"embeddable":true,"href":"https:\/\/kleingarten-bdf.at\/index.php\/wp-json\/wp\/v2\/users\/1"}],"replies":[{"embeddable":true,"href":"https:\/\/kleingarten-bdf.at\/index.php\/wp-json\/wp\/v2\/comments?post=86"}],"version-history":[{"count":3,"href":"https:\/\/kleingarten-bdf.at\/index.php\/wp-json\/wp\/v2\/pages\/86\/revisions"}],"predecessor-version":[{"id":334,"href":"https:\/\/kleingarten-bdf.at\/index.php\/wp-json\/wp\/v2\/pages\/86\/revisions\/334"}],"wp:attachment":[{"href":"https:\/\/kleingarten-bdf.at\/index.php\/wp-json\/wp\/v2\/media?parent=86"}],"curies":[{"name":"wp","href":"https:\/\/api.w.org\/{rel}","templated":true}]}}