{"id":92,"date":"2025-02-01T06:48:20","date_gmt":"2025-02-01T06:48:20","guid":{"rendered":"https:\/\/kleingarten-bdf.at\/?page_id=92"},"modified":"2025-02-21T13:59:07","modified_gmt":"2025-02-21T13:59:07","slug":"bundeskleingartengesetz","status":"publish","type":"page","link":"https:\/\/kleingarten-bdf.at\/index.php\/bundeskleingartengesetz\/","title":{"rendered":"Bundeskleingartengesetz"},"content":{"rendered":"<p><span style=\"color: var(--global-palette3); font-family: Raleway, sans-serif; font-size: 32px; font-weight: bold;\">Willkommen zum Bundeskleingartengesetz in \u00d6sterreich<\/span><\/p>\n<div class=\"container\">\n<div class=\"content\">\n<h2>Was ist das Bundeskleingartengesetz in \u00d6sterreich?<\/h2>\n<p>Das Bundeskleingartengesetz regelt in \u00d6sterreich die Nutzung von Kleing\u00e4rten, die Rechte und Pflichten der Kleing\u00e4rtner sowie die rechtlichen Rahmenbedingungen f\u00fcr die Pachtverh\u00e4ltnisse.<br \/>\nEs ist f\u00fcr Kleingartenvereine und deren Mitglieder von gro\u00dfer Bedeutung und sorgt daf\u00fcr, dass der Kleingarten als Freizeit- und Erholungsfl\u00e4che gesch\u00fctzt bleibt.<\/p>\n<div class=\"info-box\">\n<p>F\u00fcr mehr Informationen und Details \u00fcber das Bundeskleingartengesetz in \u00d6sterreich, besuche bitte die vollst\u00e4ndige Gesetzgebung:<\/p>\n<p><a class=\"button-link\" href=\"https:\/\/www.ris.bka.gv.at\/GeltendeFassung.wxe?Abfrage=Bundesnormen&amp;Gesetzesnummer=10011324\" target=\"_blank\" rel=\"noopener\">Zum Bundeskleingartengesetz in \u00d6sterreich<br \/>\n<\/a><\/div>\n<\/div>\n<\/div>\n<footer>\u00a9 2025 kleingarten-bdf.at | Alle Rechte vorbehalten.<\/p>\n<\/footer>\n","protected":false},"excerpt":{"rendered":"<p>Willkommen zum Bundeskleingartengesetz in \u00d6sterreich Was ist das Bundeskleingartengesetz in \u00d6sterreich? Das Bundeskleingartengesetz regelt in \u00d6sterreich die Nutzung von Kleing\u00e4rten, die Rechte und Pflichten der Kleing\u00e4rtner sowie die rechtlichen Rahmenbedingungen&#8230;<\/p>\n","protected":false},"author":1,"featured_media":0,"parent":0,"menu_order":0,"comment_status":"closed","ping_status":"closed","template":"","meta":{"_uag_custom_page_level_css":"","_kad_post_transparent":"","_kad_post_title":"","_kad_post_layout":"","_kad_post_sidebar_id":"","_kad_post_content_style":"","_kad_post_vertical_padding":"","_kad_post_feature":"","_kad_post_feature_position":"","_kad_post_header":false,"_kad_post_footer":false,"_kad_post_classname":"","footnotes":""},"class_list":["post-92","page","type-page","status-publish","hentry"],"yoast_head":"<!-- This site is optimized with the Yoast SEO plugin v27.5 - https:\/\/yoast.com\/product\/yoast-seo-wordpress\/ -->\n<title>Bundeskleingartengesetz - Kleingartenverein Biedermannsdorf<\/title>\n<meta name=\"robots\" content=\"index, follow, max-snippet:-1, max-image-preview:large, max-video-preview:-1\" \/>\n<link rel=\"canonical\" href=\"https:\/\/kleingarten-bdf.at\/index.php\/bundeskleingartengesetz\/\" \/>\n<meta property=\"og:locale\" content=\"de_DE\" \/>\n<meta property=\"og:type\" content=\"article\" \/>\n<meta property=\"og:title\" content=\"Bundeskleingartengesetz - Kleingartenverein Biedermannsdorf\" \/>\n<meta property=\"og:description\" content=\"Willkommen zum Bundeskleingartengesetz in \u00d6sterreich Was ist das Bundeskleingartengesetz in \u00d6sterreich? Das Bundeskleingartengesetz regelt in \u00d6sterreich die Nutzung von Kleing\u00e4rten, die Rechte und Pflichten der Kleing\u00e4rtner sowie die rechtlichen Rahmenbedingungen...\" \/>\n<meta property=\"og:url\" content=\"https:\/\/kleingarten-bdf.at\/index.php\/bundeskleingartengesetz\/\" \/>\n<meta property=\"og:site_name\" content=\"Kleingartenverein Biedermannsdorf\" \/>\n<meta property=\"article:modified_time\" content=\"2025-02-21T13:59:07+00:00\" \/>\n<meta name=\"twitter:card\" content=\"summary_large_image\" \/>\n<meta name=\"twitter:label1\" content=\"Gesch\u00e4tzte Lesezeit\" \/>\n\t<meta name=\"twitter:data1\" content=\"1\u00a0Minute\" \/>\n<script type=\"application\/ld+json\" class=\"yoast-schema-graph\">{\"@context\":\"https:\\\/\\\/schema.org\",\"@graph\":[{\"@type\":\"WebPage\",\"@id\":\"https:\\\/\\\/kleingarten-bdf.at\\\/index.php\\\/bundeskleingartengesetz\\\/\",\"url\":\"https:\\\/\\\/kleingarten-bdf.at\\\/index.php\\\/bundeskleingartengesetz\\\/\",\"name\":\"Bundeskleingartengesetz - Kleingartenverein Biedermannsdorf\",\"isPartOf\":{\"@id\":\"https:\\\/\\\/kleingarten-bdf.at\\\/#website\"},\"datePublished\":\"2025-02-01T06:48:20+00:00\",\"dateModified\":\"2025-02-21T13:59:07+00:00\",\"breadcrumb\":{\"@id\":\"https:\\\/\\\/kleingarten-bdf.at\\\/index.php\\\/bundeskleingartengesetz\\\/#breadcrumb\"},\"inLanguage\":\"de\",\"potentialAction\":[{\"@type\":\"ReadAction\",\"target\":[\"https:\\\/\\\/kleingarten-bdf.at\\\/index.php\\\/bundeskleingartengesetz\\\/\"]}]},{\"@type\":\"BreadcrumbList\",\"@id\":\"https:\\\/\\\/kleingarten-bdf.at\\\/index.php\\\/bundeskleingartengesetz\\\/#breadcrumb\",\"itemListElement\":[{\"@type\":\"ListItem\",\"position\":1,\"name\":\"Startseite\",\"item\":\"https:\\\/\\\/kleingarten-bdf.at\\\/\"},{\"@type\":\"ListItem\",\"position\":2,\"name\":\"Bundeskleingartengesetz\"}]},{\"@type\":\"WebSite\",\"@id\":\"https:\\\/\\\/kleingarten-bdf.at\\\/#website\",\"url\":\"https:\\\/\\\/kleingarten-bdf.at\\\/\",\"name\":\"Kleingartenverein Biedermannsdorf\",\"description\":\"\",\"publisher\":{\"@id\":\"https:\\\/\\\/kleingarten-bdf.at\\\/#organization\"},\"potentialAction\":[{\"@type\":\"SearchAction\",\"target\":{\"@type\":\"EntryPoint\",\"urlTemplate\":\"https:\\\/\\\/kleingarten-bdf.at\\\/?s={search_term_string}\"},\"query-input\":{\"@type\":\"PropertyValueSpecification\",\"valueRequired\":true,\"valueName\":\"search_term_string\"}}],\"inLanguage\":\"de\"},{\"@type\":\"Organization\",\"@id\":\"https:\\\/\\\/kleingarten-bdf.at\\\/#organization\",\"name\":\"Kleingartenverein Biedermannsdorf\",\"url\":\"https:\\\/\\\/kleingarten-bdf.at\\\/\",\"logo\":{\"@type\":\"ImageObject\",\"inLanguage\":\"de\",\"@id\":\"https:\\\/\\\/kleingarten-bdf.at\\\/#\\\/schema\\\/logo\\\/image\\\/\",\"url\":\"https:\\\/\\\/kleingarten-bdf.at\\\/wp-content\\\/uploads\\\/2025\\\/02\\\/cropped-lilie-2.png\",\"contentUrl\":\"https:\\\/\\\/kleingarten-bdf.at\\\/wp-content\\\/uploads\\\/2025\\\/02\\\/cropped-lilie-2.png\",\"width\":245,\"height\":245,\"caption\":\"Kleingartenverein Biedermannsdorf\"},\"image\":{\"@id\":\"https:\\\/\\\/kleingarten-bdf.at\\\/#\\\/schema\\\/logo\\\/image\\\/\"}}]}<\/script>\n<!-- \/ Yoast SEO plugin. -->","yoast_head_json":{"title":"Bundeskleingartengesetz - Kleingartenverein Biedermannsdorf","robots":{"index":"index","follow":"follow","max-snippet":"max-snippet:-1","max-image-preview":"max-image-preview:large","max-video-preview":"max-video-preview:-1"},"canonical":"https:\/\/kleingarten-bdf.at\/index.php\/bundeskleingartengesetz\/","og_locale":"de_DE","og_type":"article","og_title":"Bundeskleingartengesetz - Kleingartenverein Biedermannsdorf","og_description":"Willkommen zum Bundeskleingartengesetz in \u00d6sterreich Was ist das Bundeskleingartengesetz in \u00d6sterreich? Das Bundeskleingartengesetz regelt in \u00d6sterreich die Nutzung von Kleing\u00e4rten, die Rechte und Pflichten der Kleing\u00e4rtner sowie die rechtlichen Rahmenbedingungen...","og_url":"https:\/\/kleingarten-bdf.at\/index.php\/bundeskleingartengesetz\/","og_site_name":"Kleingartenverein Biedermannsdorf","article_modified_time":"2025-02-21T13:59:07+00:00","twitter_card":"summary_large_image","twitter_misc":{"Gesch\u00e4tzte Lesezeit":"1\u00a0Minute"},"schema":{"@context":"https:\/\/schema.org","@graph":[{"@type":"WebPage","@id":"https:\/\/kleingarten-bdf.at\/index.php\/bundeskleingartengesetz\/","url":"https:\/\/kleingarten-bdf.at\/index.php\/bundeskleingartengesetz\/","name":"Bundeskleingartengesetz - Kleingartenverein Biedermannsdorf","isPartOf":{"@id":"https:\/\/kleingarten-bdf.at\/#website"},"datePublished":"2025-02-01T06:48:20+00:00","dateModified":"2025-02-21T13:59:07+00:00","breadcrumb":{"@id":"https:\/\/kleingarten-bdf.at\/index.php\/bundeskleingartengesetz\/#breadcrumb"},"inLanguage":"de","potentialAction":[{"@type":"ReadAction","target":["https:\/\/kleingarten-bdf.at\/index.php\/bundeskleingartengesetz\/"]}]},{"@type":"BreadcrumbList","@id":"https:\/\/kleingarten-bdf.at\/index.php\/bundeskleingartengesetz\/#breadcrumb","itemListElement":[{"@type":"ListItem","position":1,"name":"Startseite","item":"https:\/\/kleingarten-bdf.at\/"},{"@type":"ListItem","position":2,"name":"Bundeskleingartengesetz"}]},{"@type":"WebSite","@id":"https:\/\/kleingarten-bdf.at\/#website","url":"https:\/\/kleingarten-bdf.at\/","name":"Kleingartenverein Biedermannsdorf","description":"","publisher":{"@id":"https:\/\/kleingarten-bdf.at\/#organization"},"potentialAction":[{"@type":"SearchAction","target":{"@type":"EntryPoint","urlTemplate":"https:\/\/kleingarten-bdf.at\/?s={search_term_string}"},"query-input":{"@type":"PropertyValueSpecification","valueRequired":true,"valueName":"search_term_string"}}],"inLanguage":"de"},{"@type":"Organization","@id":"https:\/\/kleingarten-bdf.at\/#organization","name":"Kleingartenverein Biedermannsdorf","url":"https:\/\/kleingarten-bdf.at\/","logo":{"@type":"ImageObject","inLanguage":"de","@id":"https:\/\/kleingarten-bdf.at\/#\/schema\/logo\/image\/","url":"https:\/\/kleingarten-bdf.at\/wp-content\/uploads\/2025\/02\/cropped-lilie-2.png","contentUrl":"https:\/\/kleingarten-bdf.at\/wp-content\/uploads\/2025\/02\/cropped-lilie-2.png","width":245,"height":245,"caption":"Kleingartenverein Biedermannsdorf"},"image":{"@id":"https:\/\/kleingarten-bdf.at\/#\/schema\/logo\/image\/"}}]}},"uagb_featured_image_src":{"full":false,"thumbnail":false,"medium":false,"medium_large":false,"large":false,"1536x1536":false,"2048x2048":false},"uagb_author_info":{"display_name":"admin","author_link":"https:\/\/kleingarten-bdf.at\/index.php\/author\/admin_garten\/"},"uagb_comment_info":0,"uagb_excerpt":"Willkommen zum Bundeskleingartengesetz in \u00d6sterreich Was ist das Bundeskleingartengesetz in \u00d6sterreich? Das Bundeskleingartengesetz regelt in \u00d6sterreich die Nutzung von Kleing\u00e4rten, die Rechte und Pflichten der Kleing\u00e4rtner sowie die rechtlichen Rahmenbedingungen...","_links":{"self":[{"href":"https:\/\/kleingarten-bdf.at\/index.php\/wp-json\/wp\/v2\/pages\/92","targetHints":{"allow":["GET"]}}],"collection":[{"href":"https:\/\/kleingarten-bdf.at\/index.php\/wp-json\/wp\/v2\/pages"}],"about":[{"href":"https:\/\/kleingarten-bdf.at\/index.php\/wp-json\/wp\/v2\/types\/page"}],"author":[{"embeddable":true,"href":"https:\/\/kleingarten-bdf.at\/index.php\/wp-json\/wp\/v2\/users\/1"}],"replies":[{"embeddable":true,"href":"https:\/\/kleingarten-bdf.at\/index.php\/wp-json\/wp\/v2\/comments?post=92"}],"version-history":[{"count":6,"href":"https:\/\/kleingarten-bdf.at\/index.php\/wp-json\/wp\/v2\/pages\/92\/revisions"}],"predecessor-version":[{"id":571,"href":"https:\/\/kleingarten-bdf.at\/index.php\/wp-json\/wp\/v2\/pages\/92\/revisions\/571"}],"wp:attachment":[{"href":"https:\/\/kleingarten-bdf.at\/index.php\/wp-json\/wp\/v2\/media?parent=92"}],"curies":[{"name":"wp","href":"https:\/\/api.w.org\/{rel}","templated":true}]}}